{"id":6202,"date":"2019-03-15T13:22:25","date_gmt":"2019-03-15T12:22:25","guid":{"rendered":"https:\/\/ck-astra.cz\/?page_id=6202"},"modified":"2020-02-12T12:35:50","modified_gmt":"2020-02-12T11:35:50","slug":"konzultace-en","status":"publish","type":"page","link":"https:\/\/ck-astra.cz\/en\/konzultace-en\/","title":{"rendered":"Consultation"},"content":{"rendered":"<div class=\"wpb-content-wrapper\">[vc_row][vc_column][vc_column_text]\n[\/vc_column_text][\/vc_column][\/vc_row][vc_row][vc_column][vc_raw_html]JTVCeHl6LWlocyUyMHNuaXBwZXQlM0QlMjJPcGVyYXRvcmt5JTIyJTVE[\/vc_raw_html][\/vc_column][\/vc_row][vc_row][vc_column][vc_empty_space height=&#8221;1px&#8221;][\/vc_column][\/vc_row][vc_row full_width=&#8221;stretch_row&#8221; equal_height=&#8221;yes&#8221; overlay_color=&#8221;rgba(0,0,0,0.01)&#8221; css=&#8221;.vc_custom_1511302591026{padding-top: 20px !important;padding-bottom: 30px !important;}&#8221;][vc_column][vc_column_text]\n<h1>Consultation With Spa Doctor <img decoding=\"async\" class=\"alignnone wp-image-11668\" src=\"https:\/\/ck-astra.cz\/wp-content\/uploads\/2019\/09\/kriz.png\" alt=\"\" width=\"100\" height=\"100\" srcset=\"https:\/\/ck-astra.cz\/wp-content\/uploads\/2019\/09\/kriz-64x64.png 64w, https:\/\/ck-astra.cz\/wp-content\/uploads\/2019\/09\/kriz-150x150.png 150w, https:\/\/ck-astra.cz\/wp-content\/uploads\/2019\/09\/kriz.png 200w\" sizes=\"(max-width: 100px) 100vw, 100px\" \/><\/h1>\n[\/vc_column_text][vc_separator color=&#8221;mulled_wine&#8221;][\/vc_column][\/vc_row][vc_row][vc_column][vc_empty_space height=&#8221;22px&#8221;][vc_raw_html]JTVCeHl6LWlocyUyMHNuaXBwZXQlM0QlMjJIQlRhRkJULUVOLTF6MyUyMiU1RA==[\/vc_raw_html][vc_row_inner][vc_column_inner width=&#8221;1\/2&#8243; css=&#8221;.vc_custom_1570559919421{border-top-width: 1px !important;border-right-width: 1px !important;border-bottom-width: 1px !important;border-left-width: 1px !important;padding-left: 10px !important;border-left-color: #b28500 !important;border-left-style: solid !important;border-right-color: #b28500 !important;border-right-style: solid !important;border-top-color: #b28500 !important;border-top-style: solid !important;border-bottom-color: #b28500 !important;border-bottom-style: solid !important;border-radius: 1px !important;}&#8221;][vc_raw_html]JTVCeHl6LWlocyUyMHNuaXBwZXQlM0QlMjJIQlRhRkJULUVOLTJ6MyUyMiU1RA==[\/vc_raw_html][\/vc_column_inner][vc_column_inner width=&#8221;1\/2&#8243; css=&#8221;.vc_custom_1570560034643{border-top-width: 1px !important;border-right-width: 1px !important;border-bottom-width: 1px !important;border-left-width: 1px !important;padding-left: 10px !important;border-left-color: #b28500 !important;border-left-style: solid !important;border-right-color: #b28500 !important;border-right-style: solid !important;border-top-color: #b28500 !important;border-top-style: solid !important;border-bottom-color: #b28500 !important;border-bottom-style: solid !important;border-radius: 1px !important;}&#8221;][vc_raw_html]JTVCeHl6LWlocyUyMHNuaXBwZXQlM0QlMjJIQlRhRkJULUVOLTN6MyUyMiU1RA==[\/vc_raw_html][\/vc_column_inner][\/vc_row_inner][vc_empty_space height=&#8221;82px&#8221;][\/vc_column][\/vc_row][vc_row][vc_column width=&#8221;5\/6&#8243;][vc_column_text]<img decoding=\"async\" class=\"alignnone size-full wp-image-5029\" src=\"https:\/\/ck-astra.cz\/wp-content\/uploads\/2019\/01\/sentence_ru.png\" alt=\"\" width=\"536\" height=\"31\" srcset=\"https:\/\/ck-astra.cz\/wp-content\/uploads\/2019\/01\/sentence_ru-300x17.png 300w, https:\/\/ck-astra.cz\/wp-content\/uploads\/2019\/01\/sentence_ru.png 536w\" sizes=\"(max-width: 536px) 100vw, 536px\" \/>[\/vc_column_text][vc_empty_space height=&#8221;1px&#8221;][vc_column_text]\n<h2><span class=\"tlid-translation translation\" lang=\"en\"><span class=\"\" title=\"\">QUESTIONS AND ANSWERS OF THE DOCTOR FOR SPA TREATMENT<br \/>\n<\/span><\/span><\/h2>\n[\/vc_column_text][vc_separator color=&#8221;mulled_wine&#8221; align=&#8221;align_left&#8221;][\/vc_column][vc_column width=&#8221;1\/6&#8243;][vc_single_image image=&#8221;9663&#8243; img_size=&#8221;full&#8221; alignment=&#8221;right&#8221; css=&#8221;.vc_custom_1562163574164{margin-right: 10px !important;}&#8221;][\/vc_column][\/vc_row][vc_row][vc_column width=&#8221;1\/3&#8243;][vc_column_text]\n<h2>Ask Doctor<\/h2>\n[\/vc_column_text][vc_column_text]\n<div class=\"caldera-grid\" id=\"caldera_form_1\" data-cf-ver=\"1.9.6\" data-cf-form-id=\"CF5c8b9824c079e\"><div id=\"caldera_notices_1\" data-spinner=\"https:\/\/ck-astra.cz\/wp-admin\/images\/spinner.gif\"><\/div><form data-instance=\"1\" class=\"CF5c8b9824c079e caldera_forms_form cfajax-trigger\" method=\"POST\" enctype=\"multipart\/form-data\" id=\"CF5c8b9824c079e_1\" data-form-id=\"CF5c8b9824c079e\" aria-label=\"Konzultace EN\" data-target=\"#caldera_notices_1\" data-template=\"#cfajax_CF5c8b9824c079e-tmpl\" data-cfajax=\"CF5c8b9824c079e\" data-load-element=\"_parent\" data-load-class=\"cf_processing\" data-post-disable=\"0\" data-action=\"cf_process_ajax_submit\" data-request=\"https:\/\/ck-astra.cz\/en\/\/cf-api\/CF5c8b9824c079e\" data-hiderows=\"true\">\r\n<input type=\"hidden\" id=\"_cf_verify_CF5c8b9824c079e\" name=\"_cf_verify\" value=\"14f33aba7a\"  data-nonce-time=\"1777908126\" \/><input type=\"hidden\" name=\"_wp_http_referer\" value=\"\/en\/wp-json\/wp\/v2\/pages\/6202\" \/><div id=\"cf2-CF5c8b9824c079e_1\"><\/div><input type=\"hidden\" name=\"_cf_frm_id\" value=\"CF5c8b9824c079e\">\r\n<input type=\"hidden\" name=\"_cf_frm_ct\" value=\"1\">\r\n<input type=\"hidden\" name=\"cfajax\" value=\"CF5c8b9824c079e\">\r\n<input type=\"hidden\" name=\"_cf_cr_pst\" value=\"6202\">\r\n<div class=\"hide\" style=\"display:none; overflow:hidden;height:0;width:0;\">\r\n<label>Phone<\/label><input type=\"text\" name=\"phone\" value=\"\" autocomplete=\"off\">\r\n<\/div><div id=\"CF5c8b9824c079e_1-row-1\"  class=\"row  first_row\"><div  class=\"col-sm-6  first_col\"><div data-field-wrapper=\"fld_185917\" class=\"form-group\" id=\"fld_185917_1-wrap\">\r\n\t<label id=\"fld_185917Label\" for=\"fld_185917_1\" class=\"control-label\">Name <span aria-hidden=\"true\" role=\"presentation\" class=\"field_required\" style=\"color:#ee0000;\">*<\/span><\/label>\r\n\t<div class=\"\">\r\n\t\t<input   required type=\"text\" data-field=\"fld_185917\" class=\" form-control\" id=\"fld_185917_1\" name=\"fld_185917\" value=\"\" data-type=\"text\" aria-required=\"true\"   aria-labelledby=\"fld_185917Label\" >\t\t\t<\/div>\r\n<\/div>\r\n<\/div><div  class=\"col-sm-6  last_col\"><div data-field-wrapper=\"fld_7900587\" class=\"form-group\" id=\"fld_7900587_1-wrap\">\r\n\t<label id=\"fld_7900587Label\" for=\"fld_7900587_1\" class=\"control-label\">E-mail <span aria-hidden=\"true\" role=\"presentation\" class=\"field_required\" style=\"color:#ee0000;\">*<\/span><\/label>\r\n\t<div class=\"\">\r\n\t\t<input   required type=\"email\" data-field=\"fld_7900587\" class=\" form-control\" id=\"fld_7900587_1\" name=\"fld_7900587\" value=\"\" data-type=\"email\" aria-required=\"true\"   aria-labelledby=\"fld_7900587Label\" >\t\t\t<\/div>\r\n<\/div>\r\n<\/div><\/div><div id=\"CF5c8b9824c079e_1-row-2\"  class=\"row \"><div  class=\"col-sm-12  single\"><div data-field-wrapper=\"fld_2254781\" class=\"form-group\" id=\"fld_2254781_1-wrap\">\r\n\t<label id=\"fld_2254781Label\" for=\"fld_2254781_1\" class=\"control-label\">Phone<\/label>\r\n\t<div class=\"\">\r\n\t\t<input    type=\"tel\" data-field=\"fld_2254781\" class=\" form-control\" id=\"fld_2254781_1\" name=\"fld_2254781\" value=\"\" data-type=\"phone_better\"   aria-labelledby=\"fld_2254781Label\" >\t\t\t<\/div>\r\n<\/div>\r\n<\/div><\/div><div id=\"CF5c8b9824c079e_1-row-3\"  class=\"row  last_row\"><div  class=\"col-sm-12  single\"><div data-field-wrapper=\"fld_4089741\" class=\"form-group\" id=\"fld_4089741_1-wrap\">\r\n\t<label id=\"fld_4089741Label\" for=\"fld_4089741_1\" class=\"control-label\">Message <span aria-hidden=\"true\" role=\"presentation\" class=\"field_required\" style=\"color:#ee0000;\">*<\/span><\/label>\r\n\t<div class=\"\">\r\n\t\t<textarea name=\"fld_4089741\" value=\"\" data-field=\"fld_4089741\" class=\"form-control\" id=\"fld_4089741_1\" rows=\"4\"  required=\"required\"  aria-labelledby=\"fld_4089741Label\" ><\/textarea>\n\t\t\t<\/div>\r\n<\/div>\r\n<div data-field-wrapper=\"fld_7167496\" class=\"form-group\" id=\"fld_7167496_1-wrap\">\r\n<div class=\"\">\r\n\t<input  class=\"btn btn-default\" type=\"submit\" name=\"fld_7167496\" id=\"fld_7167496_1\" value=\"SUBMIT\" data-field=\"fld_7167496\"  >\n<\/div>\r\n<\/div>\r\n\t<input class=\"button_trigger_1\" type=\"hidden\" name=\"fld_7167496\" id=\"fld_7167496_1_btn\" value=\"\" data-field=\"fld_7167496\"  \/>\n<\/div><\/div><\/form>\r\n<\/div>\r\n\n[\/vc_column_text][vc_empty_space][\/vc_column][vc_column width=&#8221;2\/3&#8243;][vc_column_text]\n<h3><img decoding=\"async\" class=\"alignleft wp-image-13787\" src=\"https:\/\/ck-astra.cz\/wp-content\/uploads\/2020\/02\/vaclav_solc.jpg\" alt=\"\" width=\"135\" height=\"200\" \/><strong>MUDr. V\u00e1clav \u0160olc<\/strong><\/h3>\n<p>Graduated from the Medical Faculty of Charles University in Hradec Kr\u00e1lov\u00e9 in 1977. Postgradual studies he absolved at Central Military Hospital in Prague, after which he worked for a&nbsp;long time in the Czech Army, including missions abroad, therefore he is also a&nbsp;war veteran.<\/p>\n<p>He passed the attestation in social, internal and general medicine. In addition to medical internship and practicing in his home town Ji\u010d\u00edn, he also worked for 20 years in L\u00e1zn\u011b B\u011blohrad as a&nbsp;quality manager, at the end of his career as a&nbsp;medical director.<\/p>\n<p>He is a&nbsp;graduate of the Czech Medical Chamber&#8217;s&nbsp;lifelong education diploma and does not avoid natural medicine as well. His credo is: Bonus aegroti suprema lex (Patient&#8217;s&nbsp;health is the highest goal).[\/vc_column_text][\/vc_column][\/vc_row][vc_row][vc_column][vc_empty_space][\/vc_column][\/vc_row]\n<\/div>","protected":false},"excerpt":{"rendered":"<p>[vc_row][vc_column][vc_column_text] [\/vc_column_text][\/vc_column][\/vc_row][vc_row][vc_column][vc_raw_html]JTVCeHl6LWlocyUyMHNuaXBwZXQlM0QlMjJPcGVyYXRvcmt5JTIyJTVE[\/vc_raw_html][\/vc_column][\/vc_row][vc_row][vc_column][vc_empty_space height=&#8221;1px&#8221;][\/vc_column][\/vc_row][vc_row full_width=&#8221;stretch_row&#8221; equal_height=&#8221;yes&#8221; overlay_color=&#8221;rgba(0,0,0,0.01)&#8221; css=&#8221;.vc_custom_1511302591026{padding-top: 20px !important;padding-bottom: 30px  [&#8230;]<\/p>\n","protected":false},"author":1,"featured_media":0,"parent":0,"menu_order":0,"comment_status":"closed","ping_status":"closed","template":"","meta":{"footnotes":""},"class_list":["post-6202","page","type-page","status-publish","hentry"],"_links":{"self":[{"href":"https:\/\/ck-astra.cz\/en\/wp-json\/wp\/v2\/pages\/6202","targetHints":{"allow":["GET"]}}],"collection":[{"href":"https:\/\/ck-astra.cz\/en\/wp-json\/wp\/v2\/pages"}],"about":[{"href":"https:\/\/ck-astra.cz\/en\/wp-json\/wp\/v2\/types\/page"}],"author":[{"embeddable":true,"href":"https:\/\/ck-astra.cz\/en\/wp-json\/wp\/v2\/users\/1"}],"replies":[{"embeddable":true,"href":"https:\/\/ck-astra.cz\/en\/wp-json\/wp\/v2\/comments?post=6202"}],"version-history":[{"count":3,"href":"https:\/\/ck-astra.cz\/en\/wp-json\/wp\/v2\/pages\/6202\/revisions"}],"predecessor-version":[{"id":13796,"href":"https:\/\/ck-astra.cz\/en\/wp-json\/wp\/v2\/pages\/6202\/revisions\/13796"}],"wp:attachment":[{"href":"https:\/\/ck-astra.cz\/en\/wp-json\/wp\/v2\/media?parent=6202"}],"curies":[{"name":"wp","href":"https:\/\/api.w.org\/{rel}","templated":true}]}}