{"id":4992,"date":"2018-12-30T19:59:08","date_gmt":"2018-12-30T19:59:08","guid":{"rendered":"https:\/\/ck-astra.cz\/?page_id=4992"},"modified":"2020-02-27T19:18:59","modified_gmt":"2020-02-27T18:18:59","slug":"kynzvart-en","status":"publish","type":"page","link":"https:\/\/ck-astra.cz\/en\/lazne-indikace-en\/kynzvart-en\/","title":{"rendered":"Kyn\u017evart"},"content":{"rendered":"<div class=\"wpb-content-wrapper\">[vc_row][vc_column][vc_raw_html]JTVCeHl6LWlocyUyMHNuaXBwZXQlM0QlMjJPcGVyYXRvcmt5JTIyJTVE[\/vc_raw_html][\/vc_column][\/vc_row][vc_row][vc_column][vc_empty_space height=&#8221;40px&#8221;][\/vc_column][\/vc_row][vc_row][vc_column][vc_single_image image=&#8221;13971&#8243; img_size=&#8221;full&#8221;][\/vc_column][\/vc_row][vc_row][vc_column width=&#8221;5\/6&#8243;][vc_column_text]<img decoding=\"async\" class=\"alignnone size-full wp-image-5022\" src=\"https:\/\/ck-astra.cz\/wp-content\/uploads\/2019\/01\/sentence_en.png\" alt=\"\" width=\"536\" height=\"34\" srcset=\"https:\/\/ck-astra.cz\/wp-content\/uploads\/2019\/01\/sentence_en-300x19.png 300w, https:\/\/ck-astra.cz\/wp-content\/uploads\/2019\/01\/sentence_en.png 536w\" sizes=\"(max-width: 536px) 100vw, 536px\" \/>[\/vc_column_text][vc_empty_space height=&#8221;1px&#8221;][vc_column_text]\n<h2>KYN\u017dVART &#8211; ABOUT THE CITY<\/h2>\n[\/vc_column_text][vc_separator color=&#8221;mulled_wine&#8221; align=&#8221;align_left&#8221;][\/vc_column][vc_column width=&#8221;1\/6&#8243;][vc_single_image image=&#8221;9663&#8243; img_size=&#8221;full&#8221; alignment=&#8221;right&#8221; css=&#8221;.vc_custom_1562163574164{margin-right: 10px !important;}&#8221;][\/vc_column][\/vc_row][vc_row][vc_column][vc_row_inner][vc_column_inner width=&#8221;1\/2&#8243;][vc_column_text]The town of Kyn\u017evart is one of the five important spa centers of the Karlovy Vary Region, within the historical West Bohemian spa triangle. The baths were founded in the mid-19th century by the Metternich family, based on a&nbsp;survey of mineral springs, peloids and climatic conditions. It is situated in a&nbsp;wooded landscape on the slope of the Slavkov Forest, at an altitude of 730m.[\/vc_column_text][\/vc_column_inner][vc_column_inner width=&#8221;1\/2&#8243;][vc_column_text]The beneficial results of the treatment are based on the effects of the sub-mountain climate, the purity of clear air, where the surrounding deep forests work as a&nbsp;filter, and on mineral spring water. The dominant of the city is the spa district and the castle of Kyn\u017evart, which is famous mainly as the summer residence of the Austrian Foreign Minister and Chancellor of Prince von Metternich.[\/vc_column_text][\/vc_column_inner][\/vc_row_inner][vc_row_inner][vc_column_inner][vc_masonry_media_grid gap=&#8221;10&#8243; item=&#8221;masonryMedia_SimpleBlurWithScale&#8221; grid_id=&#8221;vc_gid:1582827257408-18c18f94-50a1-10&#8243; include=&#8221;4786,4790,4794&#8243;][\/vc_column_inner][\/vc_row_inner][vc_empty_space][\/vc_column][\/vc_row][vc_row][vc_column width=&#8221;5\/6&#8243;][vc_column_text]<img decoding=\"async\" class=\"alignnone size-full wp-image-5022\" src=\"https:\/\/ck-astra.cz\/wp-content\/uploads\/2019\/01\/sentence_en.png\" alt=\"\" width=\"536\" height=\"34\" srcset=\"https:\/\/ck-astra.cz\/wp-content\/uploads\/2019\/01\/sentence_en-300x19.png 300w, https:\/\/ck-astra.cz\/wp-content\/uploads\/2019\/01\/sentence_en.png 536w\" sizes=\"(max-width: 536px) 100vw, 536px\" \/>[\/vc_column_text][vc_empty_space height=&#8221;1px&#8221;][vc_column_text]\n<h2>KYN\u017dVART &#8211; TREATMENT<\/h2>\n[\/vc_column_text][vc_separator color=&#8221;mulled_wine&#8221; align=&#8221;align_left&#8221;][\/vc_column][vc_column width=&#8221;1\/6&#8243;][vc_single_image image=&#8221;9663&#8243; img_size=&#8221;full&#8221; alignment=&#8221;right&#8221; css=&#8221;.vc_custom_1562163574164{margin-right: 10px !important;}&#8221;][\/vc_column][\/vc_row][vc_row][vc_column][vc_row_inner][vc_column_inner width=&#8221;1\/2&#8243;][vc_column_text]Kynzvart Spa specializes in the treatment of respiratory diseases, skin diseases, treatment of the locomotor system, and the treatment of obesity, thanks to its ideal natural conditions. They are the only baths for the treatment of kidney and kidney disease. The Kyn\u017evart curative spa specializes in the treatment of children and adolescents, whose treatment has many years of experience based on tradition, knowledge and creation of special conditions for this clientele.[\/vc_column_text][\/vc_column_inner][vc_column_inner width=&#8221;1\/2&#8243;][vc_column_text]The Spa of Spa Kynzvart has been provided with spa care for children from 1.5 years old. At this age, it is very appropriate to start spa treatment for children, and the child is already able to participate actively in spa procedures. This treatment is also provided in these indications to adult patients and entire families. This means that a&nbsp;child patient and his \/ her companion (parent or grandparent) can be treated at the same time on the basis of approved Healthcare Planning Proposals, in the same indication or in different indications for the child and the adult patient.[\/vc_column_text][\/vc_column_inner][\/vc_row_inner][vc_empty_space height=&#8221;20px&#8221;][vc_single_image image=&#8221;10238&#8243; img_size=&#8221;full&#8221; alignment=&#8221;center&#8221; onclick=&#8221;zoom&#8221; title=&#8221;How do mineral springs from work on internal organs&#8221;][vc_empty_space height=&#8221;42px&#8221;][\/vc_column][\/vc_row][vc_row][vc_column width=&#8221;5\/6&#8243;][vc_column_text]<img decoding=\"async\" class=\"alignnone size-full wp-image-5022\" src=\"https:\/\/ck-astra.cz\/wp-content\/uploads\/2019\/01\/sentence_en.png\" alt=\"\" width=\"536\" height=\"34\" srcset=\"https:\/\/ck-astra.cz\/wp-content\/uploads\/2019\/01\/sentence_en-300x19.png 300w, https:\/\/ck-astra.cz\/wp-content\/uploads\/2019\/01\/sentence_en.png 536w\" sizes=\"(max-width: 536px) 100vw, 536px\" \/>[\/vc_column_text][vc_empty_space height=&#8221;1px&#8221;][vc_column_text]\n<h2>KYN\u017dVART &#8211; INDICATION<\/h2>\n[\/vc_column_text][vc_separator color=&#8221;mulled_wine&#8221; align=&#8221;align_left&#8221;][\/vc_column][vc_column width=&#8221;1\/6&#8243;][vc_single_image image=&#8221;9663&#8243; img_size=&#8221;full&#8221; alignment=&#8221;right&#8221; css=&#8221;.vc_custom_1562163574164{margin-right: 10px !important;}&#8221;][\/vc_column][\/vc_row][vc_row][vc_column][vc_row_inner][vc_column_inner width=&#8221;1\/2&#8243;][vc_column_text]The spa is treated for children from the age of 1.5 years, adolescents and adults with these difficulties:<\/p>\n<h5>Diseases of the respiratory tract, non-tuberculous<\/h5>\n<div class=\"su-list\" style=\"margin-left:0px\">\n<ul>\n<li><i class=\"sui sui-circle\" style=\"color:#CEC2AB\"><\/i> bronchial asthma<\/li>\n<li><i class=\"sui sui-circle\" style=\"color:#CEC2AB\"><\/i> recurrent and chronic bronchitis<\/li>\n<li><i class=\"sui sui-circle\" style=\"color:#CEC2AB\"><\/i> recurrent inflammation of the middle ear with the surgical solution<\/li>\n<li><i class=\"sui sui-circle\" style=\"color:#CEC2AB\"><\/i> postoperative states of the airways and lungs<\/li>\n<li><i class=\"sui sui-circle\" style=\"color:#CEC2AB\"><\/i> convalescence after lung inflammation<\/li>\n<li><i class=\"sui sui-circle\" style=\"color:#CEC2AB\"><\/i> and more<\/li>\n<\/ul>\n<\/div>\n<h5>Diseases of the urinary tract and kidneys<\/h5>\n<div class=\"su-list\" style=\"margin-left:0px\">\n<ul>\n<li><i class=\"sui sui-circle\" style=\"color:#CEC2AB\"><\/i> from normal childbirth to post-operative conditions<\/li>\n<\/ul>\n<\/div>[\/vc_column_text][\/vc_column_inner][vc_column_inner width=&#8221;1\/2&#8243;][vc_column_text]\n<h5>Diseases of the skin<\/h5>\n<h5>Diseases of the digestive tract<\/h5>\n<h5>Musculoskeletal system<\/h5>\n<div class=\"su-list\" style=\"margin-left:0px\">\n<ul>\n<li><i class=\"sui sui-circle\" style=\"color:#CEC2AB\"><\/i> painful tendon syndromes<\/li>\n<li><i class=\"sui sui-circle\" style=\"color:#CEC2AB\"><\/i> coxarthrosis and gonarthrosis<\/li>\n<li><i class=\"sui sui-circle\" style=\"color:#CEC2AB\"><\/i> arthrosis and arthropathy<\/li>\n<li><i class=\"sui sui-circle\" style=\"color:#CEC2AB\"><\/i> vertebral algic syndrome<\/li>\n<\/ul>\n<\/div>\n<h5>Obesity of children and adolescents<\/h5>\n<div class=\"su-list\" style=\"margin-left:0px\">\n<ul>\n<li><i class=\"sui sui-circle\" style=\"color:#CEC2AB\"><\/i> associated with other risk factors and obesity in collaborating patients<\/li>\n<\/ul>\n<\/div>[\/vc_column_text][\/vc_column_inner][\/vc_row_inner][vc_empty_space][\/vc_column][\/vc_row][vc_row][vc_column width=&#8221;5\/6&#8243;][vc_column_text]<img decoding=\"async\" class=\"alignnone size-full wp-image-5022\" src=\"https:\/\/ck-astra.cz\/wp-content\/uploads\/2019\/01\/sentence_en.png\" alt=\"\" width=\"536\" height=\"34\" srcset=\"https:\/\/ck-astra.cz\/wp-content\/uploads\/2019\/01\/sentence_en-300x19.png 300w, https:\/\/ck-astra.cz\/wp-content\/uploads\/2019\/01\/sentence_en.png 536w\" sizes=\"(max-width: 536px) 100vw, 536px\" \/>[\/vc_column_text][vc_empty_space height=&#8221;1px&#8221;][vc_column_text]\n<h2>KYN\u017dVART &#8211; CONTRAINDICATION<\/h2>\n[\/vc_column_text][vc_separator color=&#8221;mulled_wine&#8221; align=&#8221;align_left&#8221;][\/vc_column][vc_column width=&#8221;1\/6&#8243;][vc_single_image image=&#8221;9663&#8243; img_size=&#8221;full&#8221; alignment=&#8221;right&#8221; css=&#8221;.vc_custom_1562163574164{margin-right: 10px !important;}&#8221;][\/vc_column][\/vc_row][vc_row][vc_column][vc_row_inner][vc_column_inner width=&#8221;1\/2&#8243;][vc_column_text]\n<h5>What disease is inappropriate:<\/h5>\n<div class=\"su-list\" style=\"margin-left:0px\">\n<ul>\n<li><i class=\"sui sui-circle\" style=\"color:#CEC2AB\"><\/i> infectious diseases transmissible from human to human and bacillosis<\/li>\n<li><i class=\"sui sui-circle\" style=\"color:#CEC2AB\"><\/i> all diseases in the acute stage and conditions in which the destabilization of the state of health can be expected<\/li>\n<li><i class=\"sui sui-circle\" style=\"color:#CEC2AB\"><\/i> clinical signs of circulatory failure<\/li>\n<li><i class=\"sui sui-circle\" style=\"color:#CEC2AB\"><\/i> conditions after deep thrombosis within 3 months after disease withdrawal, conditions after superficial thrombophlebitis up to 6 weeks after disease<\/li>\n<li><i class=\"sui sui-circle\" style=\"color:#CEC2AB\"><\/i> recurrent profuse bleeding of any etiology in the last 12 months<\/li>\n<li><i class=\"sui sui-circle\" style=\"color:#CEC2AB\"><\/i> cachexia of various aetiology that prevents intensive rehabilitation (Body Mass Index less than 16.5); Does not concern indication groups IX and XXIX &#8211; anorexia<\/li>\n<li><i class=\"sui sui-circle\" style=\"color:#CEC2AB\"><\/i> malignant tumors during and after treatment with clinically detectable signs of disease activity<\/li>\n<li><i class=\"sui sui-circle\" style=\"color:#CEC2AB\"><\/i> uncompensated epilepsy<\/li>\n<li><i class=\"sui sui-circle\" style=\"color:#CEC2AB\"><\/i> active attacks or phases of psychoses and mental disorders with anorexia or reduced communication or inability to adhere to the medical procedure and internal order of the healthcare provider of the spa therapeutic rehabilitation care<\/li>\n<li><i class=\"sui sui-circle\" style=\"color:#CEC2AB\"><\/i> alcohol addiction and addiction to addictive substances<\/li>\n<li><i class=\"sui sui-circle\" style=\"color:#CEC2AB\"><\/i> pregnancy<\/li>\n<\/ul>\n<\/div>[\/vc_column_text][\/vc_column_inner][vc_column_inner width=&#8221;1\/2&#8243;][vc_single_image image=&#8221;4511&#8243; img_size=&#8221;300&#215;342&#8243; alignment=&#8221;center&#8221;][\/vc_column_inner][\/vc_row_inner][vc_empty_space][\/vc_column][\/vc_row][vc_row][vc_column][vc_empty_space height=&#8221;22px&#8221;][vc_raw_html]JTVCeHl6LWlocyUyMHNuaXBwZXQlM0QlMjJIQlRhRkJULUVOLTF6MyUyMiU1RA==[\/vc_raw_html][vc_row_inner][vc_column_inner width=&#8221;1\/2&#8243; css=&#8221;.vc_custom_1570559919421{border-top-width: 1px !important;border-right-width: 1px !important;border-bottom-width: 1px !important;border-left-width: 1px !important;padding-left: 10px !important;border-left-color: #b28500 !important;border-left-style: solid !important;border-right-color: #b28500 !important;border-right-style: solid !important;border-top-color: #b28500 !important;border-top-style: solid !important;border-bottom-color: #b28500 !important;border-bottom-style: solid !important;border-radius: 1px !important;}&#8221;][vc_raw_html]JTVCeHl6LWlocyUyMHNuaXBwZXQlM0QlMjJIQlRhRkJULUVOLTJ6MyUyMiU1RA==[\/vc_raw_html][\/vc_column_inner][vc_column_inner width=&#8221;1\/2&#8243; css=&#8221;.vc_custom_1570560034643{border-top-width: 1px !important;border-right-width: 1px !important;border-bottom-width: 1px !important;border-left-width: 1px !important;padding-left: 10px !important;border-left-color: #b28500 !important;border-left-style: solid !important;border-right-color: #b28500 !important;border-right-style: solid !important;border-top-color: #b28500 !important;border-top-style: solid !important;border-bottom-color: #b28500 !important;border-bottom-style: solid !important;border-radius: 1px !important;}&#8221;][vc_raw_html]JTVCeHl6LWlocyUyMHNuaXBwZXQlM0QlMjJIQlRhRkJULUVOLTN6MyUyMiU1RA==[\/vc_raw_html][\/vc_column_inner][\/vc_row_inner][vc_empty_space height=&#8221;82px&#8221;][\/vc_column][\/vc_row][vc_row][vc_column width=&#8221;5\/6&#8243;][vc_column_text]<img decoding=\"async\" class=\"alignnone size-full wp-image-5022\" src=\"https:\/\/ck-astra.cz\/wp-content\/uploads\/2019\/01\/sentence_en.png\" alt=\"\" width=\"536\" height=\"34\" srcset=\"https:\/\/ck-astra.cz\/wp-content\/uploads\/2019\/01\/sentence_en-300x19.png 300w, https:\/\/ck-astra.cz\/wp-content\/uploads\/2019\/01\/sentence_en.png 536w\" sizes=\"(max-width: 536px) 100vw, 536px\" \/>[\/vc_column_text][vc_empty_space height=&#8221;1px&#8221;][vc_column_text]\n<h2>KYN\u017dVART &#8211; ACTIVITIES<\/h2>\n[\/vc_column_text][vc_separator color=&#8221;mulled_wine&#8221; align=&#8221;align_left&#8221;][\/vc_column][vc_column width=&#8221;1\/6&#8243;][vc_single_image image=&#8221;9663&#8243; img_size=&#8221;full&#8221; alignment=&#8221;right&#8221; css=&#8221;.vc_custom_1562163574164{margin-right: 10px !important;}&#8221;][\/vc_column][\/vc_row][vc_row][vc_column][vc_row_inner][vc_column_inner width=&#8221;1\/2&#8243;][vc_column_text]<div class=\"su-list\" style=\"margin-left:0px\">\n<ul>\n<li><i class=\"sui sui-circle\" style=\"color:#CEC2AB\"><\/i> Chateau Kyn\u017evart<\/li>\n<li><i class=\"sui sui-circle\" style=\"color:#CEC2AB\"><\/i> Kladsk\u00e1 Nature Reserve<\/li>\n<li><i class=\"sui sui-circle\" style=\"color:#CEC2AB\"><\/i> Rock of Kyn\u017evart<\/li>\n<li><i class=\"sui sui-circle\" style=\"color:#CEC2AB\"><\/i> Castle Kyn\u017evart<\/li>\n<li><i class=\"sui sui-circle\" style=\"color:#CEC2AB\"><\/i> Town Mari\u00e1nsk\u00e9 L\u00e1zn\u011b<\/li>\n<li><i class=\"sui sui-circle\" style=\"color:#CEC2AB\"><\/i> Town Franti\u0161kovy L\u00e1zn\u011b<\/li>\n<li><i class=\"sui sui-circle\" style=\"color:#CEC2AB\"><\/i> Town Cheb<\/li>\n<li><i class=\"sui sui-circle\" style=\"color:#CEC2AB\"><\/i> Reserve Smra\u010foch<\/li>\n<li><i class=\"sui sui-circle\" style=\"color:#CEC2AB\"><\/i> Open-air museum Doubrava<\/li>\n<li><i class=\"sui sui-circle\" style=\"color:#CEC2AB\"><\/i> Monastery Tepl\u00e1<\/li>\n<\/ul>\n<\/div>[\/vc_column_text][\/vc_column_inner][vc_column_inner width=&#8221;1\/2&#8243;][vc_single_image image=&#8221;4545&#8243; img_size=&#8221;full&#8221; alignment=&#8221;center&#8221;][\/vc_column_inner][\/vc_row_inner][\/vc_column][\/vc_row][vc_row][vc_column][vc_empty_space][\/vc_column][\/vc_row][vc_row][vc_column width=&#8221;1\/3&#8243;][vc_column_text]<a href=\"https:\/\/ck-astra.cz\/en\/exkurze-en\/\"><em><strong>Come with us to:<\/strong><\/em><\/a>[\/vc_column_text][vc_btn title=&#8221;E X C U R S I O N&#8221; style=&#8221;classic&#8221; color=&#8221;chino&#8221; size=&#8221;lg&#8221; align=&#8221;center&#8221; button_block=&#8221;true&#8221; link=&#8221;url:https%3A%2F%2Fck-astra.cz%2Fen%2Fexkurze-en%2F|||&#8221;][\/vc_column][vc_column width=&#8221;1\/3&#8243;][vc_column_text]<a href=\"https:\/\/ck-astra.cz\/en\/?post_type=post&amp;post_type=accommodation&amp;s=Kyn%C5%BEvart\"><em><strong>Find the best accommodation:<\/strong><\/em><\/a>[\/vc_column_text][vc_btn title=&#8221;H O T E L S&#8221; style=&#8221;classic&#8221; color=&#8221;chino&#8221; size=&#8221;lg&#8221; align=&#8221;center&#8221; button_block=&#8221;true&#8221; link=&#8221;url:https%3A%2F%2Fck-astra.cz%2Fen%2F%3Fpost_type%3Dpost%26post_type%3Daccommodation%26s%3DKyn%25C5%25BEvart|||&#8221;][\/vc_column][vc_column width=&#8221;1\/3&#8243;][vc_column_text]<a href=\"https:\/\/ck-astra.cz\/en\/transfery-en\/\"><em><strong>Take advantage of the best shipping rates:<\/strong><\/em><\/a>[\/vc_column_text][vc_btn title=&#8221;T R A N S F E R S&#8221; style=&#8221;classic&#8221; color=&#8221;chino&#8221; size=&#8221;lg&#8221; align=&#8221;center&#8221; button_block=&#8221;true&#8221; link=&#8221;url:https%3A%2F%2Fck-astra.cz%2Fen%2Ftransfery-en%2F|||&#8221;][\/vc_column][\/vc_row]\n<\/div>","protected":false},"excerpt":{"rendered":"<p>[vc_row][vc_column][vc_raw_html]JTVCeHl6LWlocyUyMHNuaXBwZXQlM0QlMjJPcGVyYXRvcmt5JTIyJTVE[\/vc_raw_html][\/vc_column][\/vc_row][vc_row][vc_column][vc_empty_space height=&#8221;40px&#8221;][\/vc_column][\/vc_row][vc_row][vc_column][vc_single_image image=&#8221;13971&#8243; img_size=&#8221;full&#8221;][\/vc_column][\/vc_row][vc_row][vc_column width=&#8221;5\/6&#8243;][vc_column_text][\/vc_column_text][vc_empty_space height=&#8221;1px&#8221;][vc_column_text] KYN\u017dVART &#8211; ABOUT THE  [&#8230;]<\/p>\n","protected":false},"author":1,"featured_media":0,"parent":4956,"menu_order":0,"comment_status":"closed","ping_status":"closed","template":"","meta":{"footnotes":""},"class_list":["post-4992","page","type-page","status-publish","hentry"],"_links":{"self":[{"href":"https:\/\/ck-astra.cz\/en\/wp-json\/wp\/v2\/pages\/4992","targetHints":{"allow":["GET"]}}],"collection":[{"href":"https:\/\/ck-astra.cz\/en\/wp-json\/wp\/v2\/pages"}],"about":[{"href":"https:\/\/ck-astra.cz\/en\/wp-json\/wp\/v2\/types\/page"}],"author":[{"embeddable":true,"href":"https:\/\/ck-astra.cz\/en\/wp-json\/wp\/v2\/users\/1"}],"replies":[{"embeddable":true,"href":"https:\/\/ck-astra.cz\/en\/wp-json\/wp\/v2\/comments?post=4992"}],"version-history":[{"count":2,"href":"https:\/\/ck-astra.cz\/en\/wp-json\/wp\/v2\/pages\/4992\/revisions"}],"predecessor-version":[{"id":14037,"href":"https:\/\/ck-astra.cz\/en\/wp-json\/wp\/v2\/pages\/4992\/revisions\/14037"}],"up":[{"embeddable":true,"href":"https:\/\/ck-astra.cz\/en\/wp-json\/wp\/v2\/pages\/4956"}],"wp:attachment":[{"href":"https:\/\/ck-astra.cz\/en\/wp-json\/wp\/v2\/media?parent=4992"}],"curies":[{"name":"wp","href":"https:\/\/api.w.org\/{rel}","templated":true}]}}