{"id":4964,"date":"2018-12-29T20:56:27","date_gmt":"2018-12-29T20:56:27","guid":{"rendered":"https:\/\/ck-astra.cz\/?page_id=4964"},"modified":"2020-02-27T19:17:32","modified_gmt":"2020-02-27T18:17:32","slug":"marianske-lazne-en","status":"publish","type":"page","link":"https:\/\/ck-astra.cz\/en\/lazne-indikace-en\/marianske-lazne-en\/","title":{"rendered":"Mari\u00e1nsk\u00e9 L\u00e1zn\u011b"},"content":{"rendered":"<div class=\"wpb-content-wrapper\">[vc_row][vc_column][vc_raw_html]JTVCeHl6LWlocyUyMHNuaXBwZXQlM0QlMjJPcGVyYXRvcmt5JTIyJTVE[\/vc_raw_html][\/vc_column][\/vc_row][vc_row][vc_column][vc_empty_space height=&#8221;40px&#8221;][\/vc_column][\/vc_row][vc_row][vc_column][vc_single_image image=&#8221;13983&#8243; img_size=&#8221;full&#8221;][\/vc_column][\/vc_row][vc_row][vc_column width=&#8221;5\/6&#8243;][vc_column_text]<img decoding=\"async\" class=\"alignnone size-full wp-image-5022\" src=\"https:\/\/ck-astra.cz\/wp-content\/uploads\/2019\/01\/sentence_en.png\" alt=\"\" width=\"536\" height=\"34\" srcset=\"https:\/\/ck-astra.cz\/wp-content\/uploads\/2019\/01\/sentence_en-300x19.png 300w, https:\/\/ck-astra.cz\/wp-content\/uploads\/2019\/01\/sentence_en.png 536w\" sizes=\"(max-width: 536px) 100vw, 536px\" \/>[\/vc_column_text][vc_empty_space height=&#8221;1px&#8221;][vc_column_text]\n<h2>MARI\u00c1NSK\u00c9 L\u00c1ZN\u011a\u200b &#8211; ABOUT THE CITY<\/h2>\n[\/vc_column_text][vc_separator color=&#8221;mulled_wine&#8221; align=&#8221;align_left&#8221;][\/vc_column][vc_column width=&#8221;1\/6&#8243;][vc_single_image image=&#8221;9663&#8243; img_size=&#8221;full&#8221; alignment=&#8221;right&#8221; css=&#8221;.vc_custom_1562163574164{margin-right: 10px !important;}&#8221;][\/vc_column][\/vc_row][vc_row][vc_column][vc_row_inner][vc_column_inner width=&#8221;1\/2&#8243;][vc_column_text]Mari\u00e1nsk\u00e9 L\u00e1zn\u011b was founded in the 19th century, more precisely in 1808, and is the youngest part of the renowned West Bohemian spa triangle, famous for its rich mineral springs. This world-famous spa center is also the gateway to the Slavkov Forest Protected Landscape Area. The city, famous for its magnificent parks and gardens, still retains the charm of old times. The spa pavilions are predominantly Classicist and Neo-Renaissance style, most of the spa houses have elements of Art Nouveau, which only exemplifies the picturesque spa atmosphere. The dominant of Mari\u00e1nsk\u00e9 L\u00e1zn\u011b is the main spa corso with a&nbsp;pavilion of springs (K\u0159\u00ed\u017eov\u00fd, Rudolf\u016fv and Karolinin) and above all with the famous pseudo-baroque cast-iron colonnade.[\/vc_column_text][\/vc_column_inner][vc_column_inner width=&#8221;1\/2&#8243;][vc_column_text]This Main Spa Colonnade, or the Maxim Gorky Colonnade, named after the Russian writer, playwright, poet and revolutionary Maxim Gorky, was built between 1888 and 1889 by the abbot of the Tepl\u00e1 monastery, according to the Viennese architects Miksche and Niedzielsky. Colonnade is a&nbsp;rare example of period buildings that have been gradually disposed of or modernized in both Czech and foreign baths past. In 2010 the Colonnade was declared a&nbsp;national cultural monument of the Czech Republic. Before the colonnade, a&nbsp;singing fountain enjoys a&nbsp;great deal of attention, with every odd hour of musical production completed with scenic lighting at 9pm\/10pm. Another magnificent building is the Ferdinand Spring Colonnade, which forms the dominant of the park in the lower part of the city.[\/vc_column_text][\/vc_column_inner][\/vc_row_inner][vc_row_inner][vc_column_inner][vc_masonry_media_grid gap=&#8221;10&#8243; item=&#8221;masonryMedia_SimpleBlurWithScale&#8221; grid_id=&#8221;vc_gid:1582827279876-5db60ffc-7a1d-10&#8243; include=&#8221;4533,4537,4541&#8243;][\/vc_column_inner][\/vc_row_inner][vc_empty_space][\/vc_column][\/vc_row][vc_row][vc_column width=&#8221;5\/6&#8243;][vc_column_text]<img decoding=\"async\" class=\"alignnone size-full wp-image-5022\" src=\"https:\/\/ck-astra.cz\/wp-content\/uploads\/2019\/01\/sentence_en.png\" alt=\"\" width=\"536\" height=\"34\" srcset=\"https:\/\/ck-astra.cz\/wp-content\/uploads\/2019\/01\/sentence_en-300x19.png 300w, https:\/\/ck-astra.cz\/wp-content\/uploads\/2019\/01\/sentence_en.png 536w\" sizes=\"(max-width: 536px) 100vw, 536px\" \/>[\/vc_column_text][vc_empty_space height=&#8221;1px&#8221;][vc_column_text]\n<h2>MARI\u00c1NSK\u00c9 L\u00c1ZN\u011a\u200b &#8211; TREATMENT<\/h2>\n[\/vc_column_text][vc_separator color=&#8221;mulled_wine&#8221; align=&#8221;align_left&#8221;][\/vc_column][vc_column width=&#8221;1\/6&#8243;][vc_single_image image=&#8221;9663&#8243; img_size=&#8221;full&#8221; alignment=&#8221;right&#8221; css=&#8221;.vc_custom_1562163574164{margin-right: 10px !important;}&#8221;][\/vc_column][\/vc_row][vc_row][vc_column][vc_row_inner][vc_column_inner width=&#8221;1\/2&#8243;][vc_column_text]The basis of spa care in Mari\u00e1nsk\u00e9 L\u00e1zn\u011b is the local mineral water, which in the immediate vicinity springs in number over 100, in the town itself around 40, and is used for bathing and drinking treatment. These springs are very diverse in their chemical composition and are thus suitable for the treatment of a&nbsp;wide range of diseases, thus ranging among spa resorts with the highest number of indications in the Czech Republic. The difference in the chemical composition of the springs makes it possible to influence a&nbsp;number of diseases of various organs by drinking cure alone, which is not common in other spas.[\/vc_column_text][\/vc_column_inner][vc_column_inner width=&#8221;1\/2&#8243;][vc_column_text]The specialty of Mari\u00e1nsk\u00e9 L\u00e1zn\u011b within the Czech Republic is the treatment of urinary tract diseases. However, it also treats diseases of the digestive tract, respiratory tract, skin diseases, locomotive and nervous system disorders, or metabolic disorders. In addition to mineral springs, spa treatment methods uses other unique natural resources. The carbon dioxide contained in the springs is used for gas baths and injections. Glowing gases and deposits of peat and peat are used for healing tiles and wrappings.[\/vc_column_text][\/vc_column_inner][\/vc_row_inner][vc_empty_space height=&#8221;20px&#8221;][vc_single_image image=&#8221;10238&#8243; img_size=&#8221;full&#8221; alignment=&#8221;center&#8221; onclick=&#8221;zoom&#8221; title=&#8221;How do mineral springs from work on internal organs&#8221;][vc_empty_space height=&#8221;42px&#8221;][\/vc_column][\/vc_row][vc_row][vc_column width=&#8221;5\/6&#8243;][vc_column_text]<img decoding=\"async\" class=\"alignnone size-full wp-image-5022\" src=\"https:\/\/ck-astra.cz\/wp-content\/uploads\/2019\/01\/sentence_en.png\" alt=\"\" width=\"536\" height=\"34\" srcset=\"https:\/\/ck-astra.cz\/wp-content\/uploads\/2019\/01\/sentence_en-300x19.png 300w, https:\/\/ck-astra.cz\/wp-content\/uploads\/2019\/01\/sentence_en.png 536w\" sizes=\"(max-width: 536px) 100vw, 536px\" \/>[\/vc_column_text][vc_empty_space height=&#8221;1px&#8221;][vc_column_text]\n<h2>MARI\u00c1NSK\u00c9 L\u00c1ZN\u011a\u200b &#8211; INDICATION<\/h2>\n[\/vc_column_text][vc_separator color=&#8221;mulled_wine&#8221; align=&#8221;align_left&#8221;][\/vc_column][vc_column width=&#8221;1\/6&#8243;][vc_single_image image=&#8221;9663&#8243; img_size=&#8221;full&#8221; alignment=&#8221;right&#8221; css=&#8221;.vc_custom_1562163574164{margin-right: 10px !important;}&#8221;][\/vc_column][\/vc_row][vc_row][vc_column][vc_row_inner][vc_column_inner width=&#8221;1\/2&#8243;][vc_column_text]\n<h5><strong>Diseases of the locomotive system<\/strong><\/h5>\n<div class=\"su-list\" style=\"margin-left:0px\">\n<ul>\n<li><i class=\"sui sui-circle\" style=\"color:#CEC2AB\"><\/i> vertebral algic syndrome (back pain)<\/li>\n<li><i class=\"sui sui-circle\" style=\"color:#CEC2AB\"><\/i> degenerative diseases of the locomotive apparatus (spine and large joints)<\/li>\n<li><i class=\"sui sui-circle\" style=\"color:#CEC2AB\"><\/i> osteoporosis<\/li>\n<li><i class=\"sui sui-circle\" style=\"color:#CEC2AB\"><\/i> states after orthopedic surgery (using joint replacement)<\/li>\n<\/ul>\n<\/div>\n<h5><strong>Diseases of the urinary tract and kidneys<\/strong><\/h5>\n<div class=\"su-list\" style=\"margin-left:0px\">\n<ul>\n<li><i class=\"sui sui-circle\" style=\"color:#CEC2AB\"><\/i> chronic inflammation<\/li>\n<li><i class=\"sui sui-circle\" style=\"color:#CEC2AB\"><\/i> conditions after kidney and urinary tract surgery<\/li>\n<li><i class=\"sui sui-circle\" style=\"color:#CEC2AB\"><\/i> kidney and urinary stones after surgery or shock wave crushing<\/li>\n<li><i class=\"sui sui-circle\" style=\"color:#CEC2AB\"><\/i> prostate disease (inflammations, conditions after surgery)<\/li>\n<\/ul>\n<\/div>\n<h5><strong>Diseases of the respiratory tract<\/strong><\/h5>\n<div class=\"su-list\" style=\"margin-left:0px\">\n<ul>\n<li><i class=\"sui sui-circle\" style=\"color:#CEC2AB\"><\/i> chronic inflammation<\/li>\n<li><i class=\"sui sui-circle\" style=\"color:#CEC2AB\"><\/i> bronchial asthma<\/li>\n<li><i class=\"sui sui-circle\" style=\"color:#CEC2AB\"><\/i> allergic rhinitis<\/li>\n<li><i class=\"sui sui-circle\" style=\"color:#CEC2AB\"><\/i> conditions after lower respiratory tract surgery<\/li>\n<\/ul>\n<\/div>[\/vc_column_text][\/vc_column_inner][vc_column_inner width=&#8221;1\/2&#8243;][vc_column_text]\n<h5><strong>Metabolic disease<\/strong><\/h5>\n<div class=\"su-list\" style=\"margin-left:0px\">\n<ul>\n<li><i class=\"sui sui-circle\" style=\"color:#CEC2AB\"><\/i> obesity<\/li>\n<li><i class=\"sui sui-circle\" style=\"color:#CEC2AB\"><\/i> dna<\/li>\n<li><i class=\"sui sui-circle\" style=\"color:#CEC2AB\"><\/i> constipation<\/li>\n<li><i class=\"sui sui-circle\" style=\"color:#CEC2AB\"><\/i> diabetes mellitus<\/li>\n<li><i class=\"sui sui-circle\" style=\"color:#CEC2AB\"><\/i> hyperlipoproteinemia<\/li>\n<\/ul>\n<\/div>\n<h5><strong>Gynecological diseases including infertility treatment<\/strong><\/h5>\n<div class=\"su-list\" style=\"margin-left:0px\">\n<ul>\n<li><i class=\"sui sui-circle\" style=\"color:#CEC2AB\"><\/i> inflammatory diseases of external and internal genera<\/li>\n<li><i class=\"sui sui-circle\" style=\"color:#CEC2AB\"><\/i> conditions after gynecological operations<\/li>\n<li><i class=\"sui sui-circle\" style=\"color:#CEC2AB\"><\/i> sterility and infertility<\/li>\n<li><i class=\"sui sui-circle\" style=\"color:#CEC2AB\"><\/i> climacteric syndrome<\/li>\n<li><i class=\"sui sui-circle\" style=\"color:#CEC2AB\"><\/i> urgency and stress urinary incontinence<\/li>\n<\/ul>\n<\/div>\n<h5><strong>Oncological diseases<\/strong><\/h5>\n<div class=\"su-list\" style=\"margin-left:0px\">\n<ul>\n<li><i class=\"sui sui-circle\" style=\"color:#CEC2AB\"><\/i> rehabilitation of patients after completed oncological treatment of breast, genital, Other oncological diseases, other than malignant blood disorders<\/li>\n<\/ul>\n<\/div>\n<h5><strong>Secondary diagnosis<\/strong><\/h5>\n<div class=\"su-list\" style=\"margin-left:0px\">\n<ul>\n<li><i class=\"sui sui-circle\" style=\"color:#CEC2AB\"><\/i> thanks to natural healing resources, hypertension, ischemic heart disease, ischemic leg weakness and potency disorders can also be successfully treated<\/li>\n<\/ul>\n<\/div>[\/vc_column_text][\/vc_column_inner][\/vc_row_inner][vc_empty_space][\/vc_column][\/vc_row][vc_row][vc_column width=&#8221;5\/6&#8243;][vc_column_text]<img decoding=\"async\" class=\"alignnone size-full wp-image-5022\" src=\"https:\/\/ck-astra.cz\/wp-content\/uploads\/2019\/01\/sentence_en.png\" alt=\"\" width=\"536\" height=\"34\" srcset=\"https:\/\/ck-astra.cz\/wp-content\/uploads\/2019\/01\/sentence_en-300x19.png 300w, https:\/\/ck-astra.cz\/wp-content\/uploads\/2019\/01\/sentence_en.png 536w\" sizes=\"(max-width: 536px) 100vw, 536px\" \/>[\/vc_column_text][vc_empty_space height=&#8221;1px&#8221;][vc_column_text]\n<h2>MARI\u00c1NSK\u00c9 L\u00c1ZN\u011a\u200b &#8211; CONTRAINDICATION<\/h2>\n[\/vc_column_text][vc_separator color=&#8221;mulled_wine&#8221; align=&#8221;align_left&#8221;][\/vc_column][vc_column width=&#8221;1\/6&#8243;][vc_single_image image=&#8221;9663&#8243; img_size=&#8221;full&#8221; alignment=&#8221;right&#8221; css=&#8221;.vc_custom_1562163574164{margin-right: 10px !important;}&#8221;][\/vc_column][\/vc_row][vc_row][vc_column][vc_row_inner][vc_column_inner width=&#8221;1\/2&#8243;][vc_column_text]\n<h5><strong>For what disease it is inappropriate:<\/strong><\/h5>\n<div class=\"su-list\" style=\"margin-left:0px\">\n<ul>\n<li><i class=\"sui sui-circle\" style=\"color:#CEC2AB\"><\/i> acute and infectious diseases<\/li>\n<li><i class=\"sui sui-circle\" style=\"color:#CEC2AB\"><\/i> conditions after deep thrombosis within 3 months of disease withdrawal<\/li>\n<li><i class=\"sui sui-circle\" style=\"color:#CEC2AB\"><\/i> conditions after superficial thrombophlebitis within 6 weeks of disease withdrawal<\/li>\n<li><i class=\"sui sui-circle\" style=\"color:#CEC2AB\"><\/i> often recurrent profuse bleeding of all kinds<\/li>\n<li><i class=\"sui sui-circle\" style=\"color:#CEC2AB\"><\/i> labile and decompensated diabetes mellitus<\/li>\n<li><i class=\"sui sui-circle\" style=\"color:#CEC2AB\"><\/i> malignant tumors during and after treatment with clinically detectable signs of disease progression<\/li>\n<li><i class=\"sui sui-circle\" style=\"color:#CEC2AB\"><\/i> cachexia of all kinds<\/li>\n<li><i class=\"sui sui-circle\" style=\"color:#CEC2AB\"><\/i> uncompensated epilepsy<\/li>\n<li><i class=\"sui sui-circle\" style=\"color:#CEC2AB\"><\/i> psychoses and mental disorders with anomalous symptoms or reduced communication, transient states of confusion<\/li>\n<li><i class=\"sui sui-circle\" style=\"color:#CEC2AB\"><\/i> alcohol addiction, addiction to addictive substances<\/li>\n<li><i class=\"sui sui-circle\" style=\"color:#CEC2AB\"><\/i> non-healing skin defects of any origin<\/li>\n<li><i class=\"sui sui-circle\" style=\"color:#CEC2AB\"><\/i> stool incontinence<\/li>\n<li><i class=\"sui sui-circle\" style=\"color:#CEC2AB\"><\/i> pregnancy<\/li>\n<li><i class=\"sui sui-circle\" style=\"color:#CEC2AB\"><\/i> inability to self-help and daily activities without the help of a second person and inability to walk independently<\/li>\n<\/ul>\n<\/div>[\/vc_column_text][\/vc_column_inner][vc_column_inner width=&#8221;1\/2&#8243;][vc_single_image image=&#8221;4511&#8243; img_size=&#8221;300&#215;342&#8243; alignment=&#8221;center&#8221;][\/vc_column_inner][\/vc_row_inner][vc_empty_space][\/vc_column][\/vc_row][vc_row][vc_column][vc_empty_space height=&#8221;22px&#8221;][vc_raw_html]JTVCeHl6LWlocyUyMHNuaXBwZXQlM0QlMjJIQlRhRkJULUVOLTF6MyUyMiU1RA==[\/vc_raw_html][vc_row_inner][vc_column_inner width=&#8221;1\/2&#8243; css=&#8221;.vc_custom_1570559919421{border-top-width: 1px !important;border-right-width: 1px !important;border-bottom-width: 1px !important;border-left-width: 1px !important;padding-left: 10px !important;border-left-color: #b28500 !important;border-left-style: solid !important;border-right-color: #b28500 !important;border-right-style: solid !important;border-top-color: #b28500 !important;border-top-style: solid !important;border-bottom-color: #b28500 !important;border-bottom-style: solid !important;border-radius: 1px !important;}&#8221;][vc_raw_html]JTVCeHl6LWlocyUyMHNuaXBwZXQlM0QlMjJIQlRhRkJULUVOLTJ6MyUyMiU1RA==[\/vc_raw_html][\/vc_column_inner][vc_column_inner width=&#8221;1\/2&#8243; css=&#8221;.vc_custom_1570560034643{border-top-width: 1px !important;border-right-width: 1px !important;border-bottom-width: 1px !important;border-left-width: 1px !important;padding-left: 10px !important;border-left-color: #b28500 !important;border-left-style: solid !important;border-right-color: #b28500 !important;border-right-style: solid !important;border-top-color: #b28500 !important;border-top-style: solid !important;border-bottom-color: #b28500 !important;border-bottom-style: solid !important;border-radius: 1px !important;}&#8221;][vc_raw_html]JTVCeHl6LWlocyUyMHNuaXBwZXQlM0QlMjJIQlRhRkJULUVOLTN6MyUyMiU1RA==[\/vc_raw_html][\/vc_column_inner][\/vc_row_inner][vc_empty_space height=&#8221;82px&#8221;][\/vc_column][\/vc_row][vc_row][vc_column width=&#8221;5\/6&#8243;][vc_column_text]<img decoding=\"async\" class=\"alignnone size-full wp-image-5022\" src=\"https:\/\/ck-astra.cz\/wp-content\/uploads\/2019\/01\/sentence_en.png\" alt=\"\" width=\"536\" height=\"34\" srcset=\"https:\/\/ck-astra.cz\/wp-content\/uploads\/2019\/01\/sentence_en-300x19.png 300w, https:\/\/ck-astra.cz\/wp-content\/uploads\/2019\/01\/sentence_en.png 536w\" sizes=\"(max-width: 536px) 100vw, 536px\" \/>[\/vc_column_text][vc_empty_space height=&#8221;1px&#8221;][vc_column_text]\n<h2>MARI\u00c1NSK\u00c9 L\u00c1ZN\u011a\u200b &#8211; ACTIVITIES<\/h2>\n[\/vc_column_text][vc_separator color=&#8221;mulled_wine&#8221; align=&#8221;align_left&#8221;][\/vc_column][vc_column width=&#8221;1\/6&#8243;][vc_single_image image=&#8221;9663&#8243; img_size=&#8221;full&#8221; alignment=&#8221;right&#8221; css=&#8221;.vc_custom_1562163574164{margin-right: 10px !important;}&#8221;][\/vc_column][\/vc_row][vc_row][vc_column][vc_row_inner][vc_column_inner width=&#8221;1\/2&#8243;][vc_column_text]<div class=\"su-list\" style=\"margin-left:0px\">\n<ul>\n<li><i class=\"sui sui-circle\" style=\"color:#CEC2AB\"><\/i> Chateau Kyn\u017evart<\/li>\n<li><i class=\"sui sui-circle\" style=\"color:#CEC2AB\"><\/i> Kladsk\u00e1 Nature Reserve and hunting lodge<\/li>\n<li><i class=\"sui sui-circle\" style=\"color:#CEC2AB\"><\/i> Town Karlovy Vary<\/li>\n<li><i class=\"sui sui-circle\" style=\"color:#CEC2AB\"><\/i> Town Franti\u0161kovy L\u00e1zn\u011b<\/li>\n<li><i class=\"sui sui-circle\" style=\"color:#CEC2AB\"><\/i> Town Cheb<\/li>\n<li><i class=\"sui sui-circle\" style=\"color:#CEC2AB\"><\/i> Monastery Tepl\u00e1<\/li>\n<li><i class=\"sui sui-circle\" style=\"color:#CEC2AB\"><\/i> Castle and chateau Be\u010dov nad Teplou<\/li>\n<li><i class=\"sui sui-circle\" style=\"color:#CEC2AB\"><\/i> Castle Loket<\/li>\n<\/ul>\n<p>&nbsp;<\/p>\n<\/div>[\/vc_column_text][\/vc_column_inner][vc_column_inner width=&#8221;1\/2&#8243;][vc_single_image image=&#8221;4545&#8243; img_size=&#8221;full&#8221; alignment=&#8221;center&#8221;][\/vc_column_inner][\/vc_row_inner][\/vc_column][\/vc_row][vc_row][vc_column][vc_empty_space][\/vc_column][\/vc_row][vc_row][vc_column width=&#8221;1\/3&#8243;][vc_column_text]<a href=\"https:\/\/ck-astra.cz\/en\/exkurze-en\/\"><em><strong>Come with us to:<\/strong><\/em><\/a>[\/vc_column_text][vc_btn title=&#8221;E X C U R S I O N&#8221; style=&#8221;classic&#8221; color=&#8221;chino&#8221; size=&#8221;lg&#8221; align=&#8221;center&#8221; button_block=&#8221;true&#8221; link=&#8221;url:https%3A%2F%2Fck-astra.cz%2Fen%2Fexkurze-en%2F|||&#8221;][\/vc_column][vc_column width=&#8221;1\/3&#8243;][vc_column_text]<a href=\"https:\/\/ck-astra.cz\/en\/?post_type=post&amp;post_type=accommodation&amp;s=Mari%C3%A1nsk%C3%A9+l%C3%A1zn%C4%9B\"><em><strong>Find the best accommodation:<\/strong><\/em><\/a>[\/vc_column_text][vc_btn title=&#8221;H O T E L S&#8221; style=&#8221;classic&#8221; color=&#8221;chino&#8221; size=&#8221;lg&#8221; align=&#8221;center&#8221; button_block=&#8221;true&#8221; link=&#8221;url:https%3A%2F%2Fck-astra.cz%2Fen%2F%3Fpost_type%3Dpost%26post_type%3Daccommodation%26s%3DMari%25C3%25A1nsk%25C3%25A9%2Bl%25C3%25A1zn%25C4%259B|||&#8221;][\/vc_column][vc_column width=&#8221;1\/3&#8243;][vc_column_text]<a href=\"https:\/\/ck-astra.cz\/en\/transfery-en\/\"><em><strong>Take advantage of the best shipping rates:<\/strong><\/em><\/a>[\/vc_column_text][vc_btn title=&#8221;T R A N S F E R S&#8221; style=&#8221;classic&#8221; color=&#8221;chino&#8221; size=&#8221;lg&#8221; align=&#8221;center&#8221; button_block=&#8221;true&#8221; link=&#8221;url:https%3A%2F%2Fck-astra.cz%2Fen%2Ftransfery-en%2F|||&#8221;][\/vc_column][\/vc_row]\n<\/div>","protected":false},"excerpt":{"rendered":"<p>[vc_row][vc_column][vc_raw_html]JTVCeHl6LWlocyUyMHNuaXBwZXQlM0QlMjJPcGVyYXRvcmt5JTIyJTVE[\/vc_raw_html][\/vc_column][\/vc_row][vc_row][vc_column][vc_empty_space height=&#8221;40px&#8221;][\/vc_column][\/vc_row][vc_row][vc_column][vc_single_image image=&#8221;13983&#8243; img_size=&#8221;full&#8221;][\/vc_column][\/vc_row][vc_row][vc_column width=&#8221;5\/6&#8243;][vc_column_text][\/vc_column_text][vc_empty_space height=&#8221;1px&#8221;][vc_column_text] MARI\u00c1NSK\u00c9 L\u00c1ZN\u011a\u200b &#8211; ABOUT  [&#8230;]<\/p>\n","protected":false},"author":1,"featured_media":0,"parent":4956,"menu_order":0,"comment_status":"closed","ping_status":"closed","template":"","meta":{"footnotes":""},"class_list":["post-4964","page","type-page","status-publish","hentry"],"_links":{"self":[{"href":"https:\/\/ck-astra.cz\/en\/wp-json\/wp\/v2\/pages\/4964","targetHints":{"allow":["GET"]}}],"collection":[{"href":"https:\/\/ck-astra.cz\/en\/wp-json\/wp\/v2\/pages"}],"about":[{"href":"https:\/\/ck-astra.cz\/en\/wp-json\/wp\/v2\/types\/page"}],"author":[{"embeddable":true,"href":"https:\/\/ck-astra.cz\/en\/wp-json\/wp\/v2\/users\/1"}],"replies":[{"embeddable":true,"href":"https:\/\/ck-astra.cz\/en\/wp-json\/wp\/v2\/comments?post=4964"}],"version-history":[{"count":2,"href":"https:\/\/ck-astra.cz\/en\/wp-json\/wp\/v2\/pages\/4964\/revisions"}],"predecessor-version":[{"id":14034,"href":"https:\/\/ck-astra.cz\/en\/wp-json\/wp\/v2\/pages\/4964\/revisions\/14034"}],"up":[{"embeddable":true,"href":"https:\/\/ck-astra.cz\/en\/wp-json\/wp\/v2\/pages\/4956"}],"wp:attachment":[{"href":"https:\/\/ck-astra.cz\/en\/wp-json\/wp\/v2\/media?parent=4964"}],"curies":[{"name":"wp","href":"https:\/\/api.w.org\/{rel}","templated":true}]}}