{"id":4956,"date":"2018-12-29T20:47:13","date_gmt":"2018-12-29T20:47:13","guid":{"rendered":"https:\/\/ck-astra.cz\/?page_id=4956"},"modified":"2019-10-16T15:54:33","modified_gmt":"2019-10-16T14:54:33","slug":"lazne-indikace-en","status":"publish","type":"page","link":"https:\/\/ck-astra.cz\/en\/lazne-indikace-en\/","title":{"rendered":"Spa-indication"},"content":{"rendered":"<div class=\"wpb-content-wrapper\">[vc_row full_width=&#8221;stretch_row&#8221; equal_height=&#8221;yes&#8221; overlay_color=&#8221;rgba(0,0,0,0.01)&#8221; css=&#8221;.vc_custom_1511302591026{padding-top: 20px !important;padding-bottom: 30px !important;}&#8221;][vc_column][vc_column_text]\n<h1>Czech Spa-indication <img decoding=\"async\" class=\"alignnone wp-image-11672\" src=\"https:\/\/ck-astra.cz\/wp-content\/uploads\/2019\/09\/lazne.png\" alt=\"\" width=\"75\" height=\"100\" \/><\/h1>\n[\/vc_column_text][vc_separator color=&#8221;mulled_wine&#8221;][\/vc_column][\/vc_row][vc_row][vc_column][vc_empty_space height=&#8221;1px&#8221;][\/vc_column][\/vc_row][vc_row][vc_column][vc_row_inner][vc_column_inner width=&#8221;1\/3&#8243;][vc_column_text]<span style=\"font-size: 18pt;\"><strong><a href=\"https:\/\/ck-astra.cz\/en\/lazne-indikace-en\/karlovy-vary-en\/\">KARLOVY VARY<\/a><\/strong><\/span>[\/vc_column_text][mvc_ihe border_width=&#8221;&#8221; hover_effect=&#8221;square effect7&#8243; image_id=&#8221;4030&#8243; caption_url=&#8221;url:https%3A%2F%2Fck-astra.cz%2Fen%2Flazne-indikace-en%2Fkarlovy-vary-en%2F|||&#8221; caption_bg=&#8221;rgba(0,0,0,0.01)&#8221;][\/mvc_ihe][\/vc_column_inner][vc_column_inner width=&#8221;1\/3&#8243;][vc_column_text]<span style=\"font-size: 18pt;\"><strong><a href=\"https:\/\/ck-astra.cz\/en\/lazne-indikace-en\/marianske-lazne-en\/\">MARI\u00c1NSK\u00c9 L\u00c1ZN\u011a<\/a><\/strong><\/span>[\/vc_column_text][mvc_ihe border_width=&#8221;&#8221; hover_effect=&#8221;square effect7&#8243; image_id=&#8221;4050&#8243; caption_url=&#8221;url:https%3A%2F%2Fck-astra.cz%2Fen%2Flazne-indikace-en%2Fmarianske-lazne-en%2F|||&#8221; caption_bg=&#8221;rgba(0,0,0,0.01)&#8221;][\/mvc_ihe][\/vc_column_inner][vc_column_inner width=&#8221;1\/3&#8243;][vc_column_text]<strong><span style=\"font-size: 18pt;\"><a href=\"https:\/\/ck-astra.cz\/en\/lazne-indikace-en\/frantiskovy-lazne-en\/\">FRANTI\u0160KOVY L\u00c1ZN\u011a<\/a><\/span><\/strong>[\/vc_column_text][mvc_ihe border_width=&#8221;&#8221; hover_effect=&#8221;square effect7&#8243; image_id=&#8221;4022&#8243; caption_url=&#8221;url:https%3A%2F%2Fck-astra.cz%2Fen%2Flazne-indikace-en%2Ffrantiskovy-lazne-en%2F|||&#8221; caption_bg=&#8221;rgba(0,0,0,0.01)&#8221;][\/mvc_ihe][\/vc_column_inner][\/vc_row_inner][vc_empty_space height=&#8221;36px&#8221;][vc_row_inner][vc_column_inner width=&#8221;1\/3&#8243; css=&#8221;.vc_custom_1541951386106{margin-top: 15px !important;}&#8221;][vc_column_text]<span style=\"font-size: 18pt;\"><strong><a href=\"https:\/\/ck-astra.cz\/en\/lazne-indikace-en\/jachymov-en\/\">J\u00c1CHYMOV<\/a><\/strong><\/span>[\/vc_column_text][mvc_ihe border_width=&#8221;&#8221; hover_effect=&#8221;square effect7&#8243; image_id=&#8221;4026&#8243; caption_url=&#8221;url:https%3A%2F%2Fck-astra.cz%2Fen%2Flazne-indikace-en%2Fjachymov-en%2F|||&#8221; caption_bg=&#8221;rgba(0,0,0,0.01)&#8221;][\/mvc_ihe][\/vc_column_inner][vc_column_inner width=&#8221;1\/3&#8243; css=&#8221;.vc_custom_1541951390618{margin-top: 15px !important;}&#8221;][vc_column_text]<span style=\"font-size: 18pt;\"><strong><a href=\"https:\/\/ck-astra.cz\/en\/lazne-indikace-en\/podebrady-en\/\">POD\u011aBRADY<\/a><\/strong><\/span>[\/vc_column_text][mvc_ihe border_width=&#8221;&#8221; hover_effect=&#8221;square effect7&#8243; image_id=&#8221;4058&#8243; caption_url=&#8221;url:https%3A%2F%2Fck-astra.cz%2Fen%2Flazne-indikace-en%2Fpodebrady-en%2F|||&#8221; caption_bg=&#8221;rgba(0,0,0,0.01)&#8221;][\/mvc_ihe][\/vc_column_inner][vc_column_inner width=&#8221;1\/3&#8243; css=&#8221;.vc_custom_1541951395642{margin-top: 15px !important;}&#8221;][vc_column_text]<span style=\"font-size: 18pt;\"><strong><a href=\"https:\/\/ck-astra.cz\/en\/lazne-indikace-en\/teplice-en\/\">TEPLICE<\/a><\/strong><\/span>[\/vc_column_text][mvc_ihe border_width=&#8221;&#8221; hover_effect=&#8221;square effect7&#8243; caption_url=&#8221;url:https%3A%2F%2Fck-astra.cz%2Fen%2Flazne-indikace-en%2Fteplice-en%2F|||&#8221; caption_bg=&#8221;rgba(0,0,0,0.01)&#8221; image_id=&#8221;4066&#8243;][\/mvc_ihe][\/vc_column_inner][\/vc_row_inner][vc_empty_space height=&#8221;36px&#8221;][vc_row_inner][vc_column_inner width=&#8221;1\/3&#8243; css=&#8221;.vc_custom_1541951400084{margin-top: 15px !important;}&#8221;][vc_column_text]<span style=\"font-size: 18pt;\"><strong><a href=\"https:\/\/ck-astra.cz\/en\/lazne-indikace-en\/luhacovice-en\/\">LUHA\u010cOVICE<\/a><\/strong><\/span>[\/vc_column_text][mvc_ihe border_width=&#8221;&#8221; hover_effect=&#8221;square effect7&#8243; image_id=&#8221;4046&#8243; caption_url=&#8221;url:https%3A%2F%2Fck-astra.cz%2Fen%2Flazne-indikace-en%2Fluhacovice-en%2F|||&#8221; caption_bg=&#8221;rgba(0,0,0,0.01)&#8221;][\/mvc_ihe][\/vc_column_inner][vc_column_inner width=&#8221;1\/3&#8243; css=&#8221;.vc_custom_1541951403907{margin-top: 15px !important;}&#8221;][vc_column_text]<span style=\"font-size: 18pt;\"><strong><a href=\"https:\/\/ck-astra.cz\/en\/lazne-indikace-en\/darkov-en\/\">DARKOV<\/a><\/strong><\/span>[\/vc_column_text][mvc_ihe border_width=&#8221;&#8221; hover_effect=&#8221;square effect7&#8243; image_id=&#8221;4018&#8243; caption_url=&#8221;url:https%3A%2F%2Fck-astra.cz%2Fen%2Flazne-indikace-en%2Fdarkov-en%2F|||&#8221; caption_bg=&#8221;rgba(0,0,0,0.01)&#8221;][\/mvc_ihe][\/vc_column_inner][vc_column_inner width=&#8221;1\/3&#8243; css=&#8221;.vc_custom_1541951407995{margin-top: 15px !important;}&#8221;][vc_column_text]<span style=\"font-size: 18pt;\"><strong><a href=\"https:\/\/ck-astra.cz\/en\/lazne-indikace-en\/ostrozska-nova-ves-en\/\">OSTRO\u017dSK\u00c1 NOV\u00c1 VES<\/a><\/strong><\/span>[\/vc_column_text][mvc_ihe border_width=&#8221;&#8221; hover_effect=&#8221;square effect7&#8243; caption_url=&#8221;url:https%3A%2F%2Fck-astra.cz%2Fen%2Flazne-indikace-en%2Fostrozska-nova-ves-en%2F|||&#8221; caption_bg=&#8221;rgba(0,0,0,0.01)&#8221; image_id=&#8221;4054&#8243;][\/mvc_ihe][\/vc_column_inner][\/vc_row_inner][vc_empty_space height=&#8221;36px&#8221;][vc_row_inner][vc_column_inner width=&#8221;1\/3&#8243; css=&#8221;.vc_custom_1541951411794{margin-top: 15px !important;}&#8221;][vc_column_text]<span style=\"font-size: 18pt;\"><strong><a href=\"https:\/\/ck-astra.cz\/en\/lazne-indikace-en\/kynzvart-en\/\">KYN\u017dVART<\/a><\/strong><\/span>[\/vc_column_text][mvc_ihe border_width=&#8221;&#8221; hover_effect=&#8221;square effect7&#8243; image_id=&#8221;4042&#8243; caption_url=&#8221;url:https%3A%2F%2Fck-astra.cz%2Fen%2Flazne-indikace-en%2Fkynzvart-en%2F|||&#8221; caption_bg=&#8221;rgba(0,0,0,0.01)&#8221;][\/mvc_ihe][\/vc_column_inner][vc_column_inner width=&#8221;1\/3&#8243; css=&#8221;.vc_custom_1541951415882{margin-top: 15px !important;}&#8221;][vc_column_text]<span style=\"font-size: 18pt;\"><strong><a href=\"https:\/\/ck-astra.cz\/en\/lazne-indikace-en\/klimkovice-en\/\">KLIMKOVICE<\/a><\/strong><\/span>[\/vc_column_text][mvc_ihe border_width=&#8221;&#8221; hover_effect=&#8221;square effect7&#8243; image_id=&#8221;4034&#8243; caption_url=&#8221;url:https%3A%2F%2Fck-astra.cz%2Fen%2Flazne-indikace-en%2Fklimkovice-en%2F|||&#8221; caption_bg=&#8221;rgba(0,0,0,0.01)&#8221;][\/mvc_ihe][\/vc_column_inner][vc_column_inner width=&#8221;1\/3&#8243; css=&#8221;.vc_custom_1541951420529{margin-top: 15px !important;}&#8221;][vc_column_text]<span style=\"font-size: 18pt;\"><strong><a href=\"https:\/\/ck-astra.cz\/en\/lazne-indikace-en\/konstantinovy-lazne-en\/\">KONSTANTINOVY L\u00c1ZN\u011a<\/a><\/strong><\/span>[\/vc_column_text][mvc_ihe border_width=&#8221;&#8221; hover_effect=&#8221;square effect7&#8243; caption_url=&#8221;url:https%3A%2F%2Fck-astra.cz%2Fen%2Flazne-indikace-en%2Fkonstantinovy-lazne-en%2F|||&#8221; caption_bg=&#8221;rgba(0,0,0,0.01)&#8221; image_id=&#8221;4038&#8243;][\/mvc_ihe][\/vc_column_inner][\/vc_row_inner][vc_empty_space height=&#8221;52px&#8221;][\/vc_column][\/vc_row][vc_row][vc_column width=&#8221;1\/2&#8243;][vc_column_text]<span style=\"font-size: 18pt;\"><strong><a href=\"https:\/\/ck-astra.cz\/en\/lazne-indikace-en\/praha-en\/\"><span style=\"font-size: 24pt;\">PRAHA<\/span> &#8211; The Capital City<\/a><\/strong><\/span>[\/vc_column_text][mvc_ihe border_width=&#8221;&#8221; hover_effect=&#8221;square effect7&#8243; image_id=&#8221;4062&#8243; caption_url=&#8221;url:https%3A%2F%2Fck-astra.cz%2Fen%2Flazne-indikace-en%2Fpraha-en%2F|||&#8221; caption_bg=&#8221;rgba(0,0,0,0.01)&#8221;][\/mvc_ihe][\/vc_column][vc_column width=&#8221;1\/2&#8243;][vc_empty_space height=&#8221;12px&#8221;][vc_column_text]<span style=\"font-size: 18pt;\"><strong><a href=\"https:\/\/ck-astra.cz\/wp-content\/uploads\/2019\/08\/kurorty_en.pdf\" target=\"_blank\" rel=\"noopener noreferrer\">SPA &#8211; INDICATION: COMPLETE OVERVIEW<\/a><\/strong><\/span>[\/vc_column_text][vc_single_image image=&#8221;10595&#8243; img_size=&#8221;full&#8221; alignment=&#8221;center&#8221; onclick=&#8221;custom_link&#8221; img_link_target=&#8221;_blank&#8221; link=&#8221;https:\/\/ck-astra.cz\/wp-content\/uploads\/2019\/08\/kurorty_en.pdf&#8221;][\/vc_column][\/vc_row][vc_row][vc_column][vc_empty_space height=&#8221;42px&#8221;][vc_raw_html]JTVCeHl6LWlocyUyMHNuaXBwZXQlM0QlMjJIQlRhRkJULUVOLTF6MyUyMiU1RA==[\/vc_raw_html][vc_row_inner][vc_column_inner width=&#8221;1\/2&#8243; css=&#8221;.vc_custom_1570559919421{border-top-width: 1px !important;border-right-width: 1px !important;border-bottom-width: 1px !important;border-left-width: 1px !important;padding-left: 10px !important;border-left-color: #b28500 !important;border-left-style: solid !important;border-right-color: #b28500 !important;border-right-style: solid !important;border-top-color: #b28500 !important;border-top-style: solid !important;border-bottom-color: #b28500 !important;border-bottom-style: solid !important;border-radius: 1px !important;}&#8221;][vc_raw_html]JTVCeHl6LWlocyUyMHNuaXBwZXQlM0QlMjJIQlRhRkJULUVOLTJ6MyUyMiU1RA==[\/vc_raw_html][\/vc_column_inner][vc_column_inner width=&#8221;1\/2&#8243; css=&#8221;.vc_custom_1570560034643{border-top-width: 1px !important;border-right-width: 1px !important;border-bottom-width: 1px !important;border-left-width: 1px !important;padding-left: 10px !important;border-left-color: #b28500 !important;border-left-style: solid !important;border-right-color: #b28500 !important;border-right-style: solid !important;border-top-color: #b28500 !important;border-top-style: solid !important;border-bottom-color: #b28500 !important;border-bottom-style: solid !important;border-radius: 1px !important;}&#8221;][vc_raw_html]JTVCeHl6LWlocyUyMHNuaXBwZXQlM0QlMjJIQlRhRkJULUVOLTN6MyUyMiU1RA==[\/vc_raw_html][\/vc_column_inner][\/vc_row_inner][vc_empty_space height=&#8221;42px&#8221;][\/vc_column][\/vc_row]\n<\/div>","protected":false},"excerpt":{"rendered":"<p>[vc_row full_width=&#8221;stretch_row&#8221; equal_height=&#8221;yes&#8221; overlay_color=&#8221;rgba(0,0,0,0.01)&#8221; css=&#8221;.vc_custom_1511302591026{padding-top: 20px !important;padding-bottom: 30px !important;}&#8221;][vc_column][vc_column_text] Czech  [&#8230;]<\/p>\n","protected":false},"author":1,"featured_media":0,"parent":0,"menu_order":0,"comment_status":"closed","ping_status":"closed","template":"","meta":{"footnotes":""},"class_list":["post-4956","page","type-page","status-publish","hentry"],"_links":{"self":[{"href":"https:\/\/ck-astra.cz\/en\/wp-json\/wp\/v2\/pages\/4956","targetHints":{"allow":["GET"]}}],"collection":[{"href":"https:\/\/ck-astra.cz\/en\/wp-json\/wp\/v2\/pages"}],"about":[{"href":"https:\/\/ck-astra.cz\/en\/wp-json\/wp\/v2\/types\/page"}],"author":[{"embeddable":true,"href":"https:\/\/ck-astra.cz\/en\/wp-json\/wp\/v2\/users\/1"}],"replies":[{"embeddable":true,"href":"https:\/\/ck-astra.cz\/en\/wp-json\/wp\/v2\/comments?post=4956"}],"version-history":[{"count":0,"href":"https:\/\/ck-astra.cz\/en\/wp-json\/wp\/v2\/pages\/4956\/revisions"}],"wp:attachment":[{"href":"https:\/\/ck-astra.cz\/en\/wp-json\/wp\/v2\/media?parent=4956"}],"curies":[{"name":"wp","href":"https:\/\/api.w.org\/{rel}","templated":true}]}}