{"id":4948,"date":"2018-12-28T18:50:32","date_gmt":"2018-12-28T18:50:32","guid":{"rendered":"https:\/\/ck-astra.cz\/?page_id=4948"},"modified":"2020-02-27T19:19:38","modified_gmt":"2020-02-27T18:19:38","slug":"klimkovice-en","status":"publish","type":"page","link":"https:\/\/ck-astra.cz\/en\/lazne-indikace-en\/klimkovice-en\/","title":{"rendered":"Klimkovice"},"content":{"rendered":"<div class=\"wpb-content-wrapper\">[vc_row][vc_column][vc_raw_html]JTVCeHl6LWlocyUyMHNuaXBwZXQlM0QlMjJPcGVyYXRvcmt5JTIyJTVE[\/vc_raw_html][\/vc_column][\/vc_row][vc_row][vc_column][vc_empty_space height=&#8221;40px&#8221;][\/vc_column][\/vc_row][vc_row][vc_column][vc_single_image image=&#8221;13959&#8243; img_size=&#8221;full&#8221;][\/vc_column][\/vc_row][vc_row][vc_column width=&#8221;5\/6&#8243;][vc_column_text]<img decoding=\"async\" class=\"alignnone size-full wp-image-5022\" src=\"https:\/\/ck-astra.cz\/wp-content\/uploads\/2019\/01\/sentence_en.png\" alt=\"\" width=\"536\" height=\"34\" srcset=\"https:\/\/ck-astra.cz\/wp-content\/uploads\/2019\/01\/sentence_en-300x19.png 300w, https:\/\/ck-astra.cz\/wp-content\/uploads\/2019\/01\/sentence_en.png 536w\" sizes=\"(max-width: 536px) 100vw, 536px\" \/>[\/vc_column_text][vc_empty_space height=&#8221;1px&#8221;][vc_column_text]\n<h2>KLIMKOVICE &#8211; ABOUT THE CITY<\/h2>\n[\/vc_column_text][vc_separator color=&#8221;mulled_wine&#8221; align=&#8221;align_left&#8221;][\/vc_column][vc_column width=&#8221;1\/6&#8243;][vc_single_image image=&#8221;9663&#8243; img_size=&#8221;full&#8221; alignment=&#8221;right&#8221; css=&#8221;.vc_custom_1562163574164{margin-right: 10px !important;}&#8221;][\/vc_column][\/vc_row][vc_row][vc_column][vc_row_inner][vc_column_inner width=&#8221;1\/2&#8243;][vc_column_text]Klimkovice Sanatorium and Spa Center is located in a&nbsp;beautiful natural forested area with the cleanest air, under the spurs of the Low Jesenik mountains. Patients of the resort are welcome to admire the magnificent panorama of Beskid, near the Ostrava town. Klimkovice is one of the youngest and most modern spa resorts in the Czech Republic, the treatment in which relies on the natural healing mineral waters of this region, bromine iodide ones, according to their chemical composition. The activity of spa resort here began in 1994, when a&nbsp;completely new spa complex was opened, consisting of two unique buildings that have no equals in the world, and which received several prestigious awards for the originality of architectural solution. The idea of \u200b\u200bpossibility to build a&nbsp;new resort arose due to planned expansion of mining production in the area of \u200b\u200bthe Darkov resort, founded in 1867.[\/vc_column_text][\/vc_column_inner][vc_column_inner width=&#8221;1\/2&#8243;][vc_column_text]Because of new plans in Darkov, it was decided to survey the region of Polanka, Star\u00e1 B\u011bl\u00e1 and Jestebnik. Several deep wells from 300 to 400 meters were drilled, which confirmed the presence of deep waters rich in minerals, primarily iodine and bromine in concentrations up to 52 mg\/1 liter, which is the largest concentration of these minerals in Europe. And although the mining activity in Darkov finally had not expanded and the activity of Darkov resort continued, it was decided to open a&nbsp;new resort, and it became L\u00e1zn\u00ed Klimkovice. Nature near the resort town offers patients great opportunities of long walks and even more difficult and longer walking and cycling tours. The first stop of those who decided on this tour will be the town of Klimkovice with several sights &#8211; churches, a&nbsp;park, a&nbsp;nice central square, the remains of an old castle.[\/vc_column_text][\/vc_column_inner][\/vc_row_inner][vc_row_inner][vc_column_inner][vc_masonry_media_grid gap=&#8221;10&#8243; item=&#8221;masonryMedia_SimpleBlurWithScale&#8221; grid_id=&#8221;vc_gid:1582827252706-a76e15ef-7802-10&#8243; include=&#8221;4858,4862,4866&#8243;][\/vc_column_inner][\/vc_row_inner][vc_empty_space][\/vc_column][\/vc_row][vc_row][vc_column width=&#8221;5\/6&#8243;][vc_column_text]<img decoding=\"async\" class=\"alignnone size-full wp-image-5022\" src=\"https:\/\/ck-astra.cz\/wp-content\/uploads\/2019\/01\/sentence_en.png\" alt=\"\" width=\"536\" height=\"34\" srcset=\"https:\/\/ck-astra.cz\/wp-content\/uploads\/2019\/01\/sentence_en-300x19.png 300w, https:\/\/ck-astra.cz\/wp-content\/uploads\/2019\/01\/sentence_en.png 536w\" sizes=\"(max-width: 536px) 100vw, 536px\" \/>[\/vc_column_text][vc_empty_space height=&#8221;1px&#8221;][vc_column_text]\n<h2>KLIMKOVICE &#8211; ABOUT THE CITY<\/h2>\n[\/vc_column_text][vc_separator color=&#8221;mulled_wine&#8221; align=&#8221;align_left&#8221;][\/vc_column][vc_column width=&#8221;1\/6&#8243;][vc_single_image image=&#8221;9663&#8243; img_size=&#8221;full&#8221; alignment=&#8221;right&#8221; css=&#8221;.vc_custom_1562163574164{margin-right: 10px !important;}&#8221;][\/vc_column][\/vc_row][vc_row][vc_column][vc_column_text]\n<h2>KLIMKOVICE &#8211; TREATMENT<\/h2>\n[\/vc_column_text][vc_row_inner][vc_column_inner width=&#8221;1\/2&#8243;][vc_column_text]The basis of treatment in Klimkovice is a&nbsp;unique product of the tertiary period &#8211; highly concentrated iodine-bromide water (the so-called solianka-brine) with salt concentration twice as high as in seawater. In Europe, iodine-methyl solianka was found only in Italy, Austria, Southern Poland, but the most effective, with the highest content of healing substances, was in the Czech Republic &#8211; near Ostrava town. Currently, this water is no longer being produced in nature, its reserves are limited and therefore even more valuable. Klimkovick\u00e9 L\u00e1zn\u011b pump iodine-bromide solianka at Polanca nad Odrou out of four wells at a&nbsp;depth of 400-500 meters. From there, the water is supplied to the sanatorium Klimkovice by a&nbsp;pipeline 11 km long. After delivery, the water is \u201cripening\u201d for 2-3 weeks in special tanks, and only then it is supplied to balneotherapy and medical rehabilitation departments. The treatment is done in the form of individual baths for the whole body or local wraps. Most procedures in Klimkovice are more or less associated with this unique healing water, which helps the treatment and rehabilitation process for adults and children suffering from a&nbsp;rather wide spectrum of diseases. These include diseases of the musculoskeletal system, nervous diseases, cardiovascular diseases, gynecological diseases or metabolic disorders. During local application of iodine-bromide water to skin, iodine, caused by a&nbsp;chemical reaction, remains in the surface layer of skin.[\/vc_column_text][\/vc_column_inner][vc_column_inner width=&#8221;1\/2&#8243;][vc_column_text]In such a&nbsp;way the so-called iodine depot, not washable by water, is formed. And then iodine is gradually being absorbed into the body from it. Iodine-bromide water improves the ligamentous apparatus, relieves muscle contractures, increases blood supply to tissues and organs, reduces acute and chronic inflammatory processes, eliminates skin defects, lowers blood pressure, and has an analgetic effect. L\u00e1zn\u011b Klimkovice dominate in rehabilitation of patients after replacement of major joints. A&nbsp;unique treatment method developed in L\u00e1zn\u011b Klimkovice is the so-called KlimTherapy, which helps in treatment of neurological disorders resulting from stroke, cerebral palsy, traumatic brain injury, post-surgery complications and injuries. Following the needs of these clients, a&nbsp;specialized neuro-rehabilitation center was built, offering a&nbsp;wide range of treatment methods that can positively affect the general condition of the client. The method developed by US specialists was first used in Europe by L\u00e1zn\u00ed Klimkovice\u2019s staff. Among other things, the surrounding forested area with clean air, the quality of which is regularly checked, assist in the effectiveness of treatment. Therefore, the resort is sometimes called climatic.[\/vc_column_text][\/vc_column_inner][\/vc_row_inner][vc_empty_space height=&#8221;20px&#8221;][vc_single_image image=&#8221;10238&#8243; img_size=&#8221;full&#8221; alignment=&#8221;center&#8221; onclick=&#8221;zoom&#8221; title=&#8221;How do mineral springs from work on internal organs&#8221;][vc_empty_space height=&#8221;42px&#8221;][\/vc_column][\/vc_row][vc_row][vc_column width=&#8221;5\/6&#8243;][vc_column_text]<img decoding=\"async\" class=\"alignnone size-full wp-image-5022\" src=\"https:\/\/ck-astra.cz\/wp-content\/uploads\/2019\/01\/sentence_en.png\" alt=\"\" width=\"536\" height=\"34\" srcset=\"https:\/\/ck-astra.cz\/wp-content\/uploads\/2019\/01\/sentence_en-300x19.png 300w, https:\/\/ck-astra.cz\/wp-content\/uploads\/2019\/01\/sentence_en.png 536w\" sizes=\"(max-width: 536px) 100vw, 536px\" \/>[\/vc_column_text][vc_empty_space height=&#8221;1px&#8221;][vc_column_text]\n<h2>KLIMKOVICE &#8211; INDICATION<\/h2>\n[\/vc_column_text][vc_separator color=&#8221;mulled_wine&#8221; align=&#8221;align_left&#8221;][\/vc_column][vc_column width=&#8221;1\/6&#8243;][vc_single_image image=&#8221;9663&#8243; img_size=&#8221;full&#8221; alignment=&#8221;right&#8221; css=&#8221;.vc_custom_1562163574164{margin-right: 10px !important;}&#8221;][\/vc_column][\/vc_row][vc_row][vc_column][vc_row_inner][vc_column_inner width=&#8221;1\/2&#8243;][vc_column_text]\n<h5><strong>Diseases of musculoskeletal system<\/strong><\/h5>\n<div class=\"su-list\" style=\"margin-left:0px\">\n<ul>\n<li><i class=\"sui sui-circle\" style=\"color:#CEC2AB\"><\/i> rheumatoid arthritis of stage I-IV, including juvenile arthritis treated on an outpatient basis<\/li>\n<li><i class=\"sui sui-circle\" style=\"color:#CEC2AB\"><\/i> Bechterew disease<\/li>\n<li><i class=\"sui sui-circle\" style=\"color:#CEC2AB\"><\/i> other seronegative spondyloarthritis (prostatic arthritis, Reiter&#8217;s syndrome, enteropathic arthritis, reactive parainfective arthritis), secondary arthritis, repeatedly treated on an outpatient basis\u2022 extra-articular rheumatism repeatedly treated on an outpatient basis, diffuse connective tissue diseases systematically treated on an outpatient basis (systemic lupus erythematosus, scleroderma, polymyositis, dermatomyositis, Sjogren&#8217;s syndrome, and other syndromes)<\/li>\n<li><i class=\"sui sui-circle\" style=\"color:#CEC2AB\"><\/i> complicated osteoporosis<\/li>\n<li><i class=\"sui sui-circle\" style=\"color:#CEC2AB\"><\/i> pain syndromes of tendons, tendon sheath, ligamentous apparatus, skeletal muscles or joints (including diseases caused by vibration effects and prolonged, excessive, unilateral exertion)<\/li>\n<li><i class=\"sui sui-circle\" style=\"color:#CEC2AB\"><\/i> coxarthrosis, gonarthrosis<\/li>\n<li><i class=\"sui sui-circle\" style=\"color:#CEC2AB\"><\/i> arthrosis of other locations, arthropathy<\/li>\n<li><i class=\"sui sui-circle\" style=\"color:#CEC2AB\"><\/i> vertebrogenic nerve root syndrome<\/li>\n<li><i class=\"sui sui-circle\" style=\"color:#CEC2AB\"><\/i> conditions after orthopedic surgery using artificial joints<\/li>\n<li><i class=\"sui sui-circle\" style=\"color:#CEC2AB\"><\/i> post-traumatic conditions or conditions after spinal surgery<\/li>\n<\/ul>\n<\/div>\n<h5><strong>Cardiovascular diseases<\/strong><\/h5>\n<div class=\"su-list\" style=\"margin-left:0px\">\n<ul>\n<li><i class=\"sui sui-circle\" style=\"color:#CEC2AB\"><\/i> coronary heart disease<\/li>\n<li><i class=\"sui sui-circle\" style=\"color:#CEC2AB\"><\/i> hypertensive disease II &#8211; III stage<\/li>\n<li><i class=\"sui sui-circle\" style=\"color:#CEC2AB\"><\/i> vascular disease of extremities<\/li>\n<li><i class=\"sui sui-circle\" style=\"color:#CEC2AB\"><\/i> functional disorders of peripheral vessels, conditions after thrombosis not earlier than 3 months after recovery, chronic lymphatic edema<\/li>\n<li><i class=\"sui sui-circle\" style=\"color:#CEC2AB\"><\/i> conditions after revascularization and vascular reconstructive surgery, excluding heart surgery, conditions after percutaneous angioplasty<\/li>\n<\/ul>\n<\/div>[\/vc_column_text][\/vc_column_inner][vc_column_inner width=&#8221;1\/2&#8243;][vc_column_text]\n<h5><strong>Nervous diseases<\/strong><\/h5>\n<div class=\"su-list\" style=\"margin-left:0px\">\n<ul>\n<li><i class=\"sui sui-circle\" style=\"color:#CEC2AB\"><\/i> facial nerve palsy, postpolymyotic syndrome, flaccid paralysis<\/li>\n<li><i class=\"sui sui-circle\" style=\"color:#CEC2AB\"><\/i> polyneuropathy with paralytic signs<\/li>\n<li><i class=\"sui sui-circle\" style=\"color:#CEC2AB\"><\/i> radicular syndrome with inflammatory signs<\/li>\n<li><i class=\"sui sui-circle\" style=\"color:#CEC2AB\"><\/i> inflammatory diseases of the central nervous system (the state after meningoencephalitis, encephalitis, encephalomyelitis and myelitis, the state after encephalomyelloradiculoneuritis) with spasm-paretic signs present<\/li>\n<li><i class=\"sui sui-circle\" style=\"color:#CEC2AB\"><\/i> hemiparesis and paraparesis of vascular origin with signs of function recovery<\/li>\n<li><i class=\"sui sui-circle\" style=\"color:#CEC2AB\"><\/i> conditions after skull injuries, brain and spinal cord surgery, operations on peripheral nerve with motor impairment, with signs of function recovery<\/li>\n<li><i class=\"sui sui-circle\" style=\"color:#CEC2AB\"><\/i> multiple sclerosis and other demyelinating diseases in remission<\/li>\n<li><i class=\"sui sui-circle\" style=\"color:#CEC2AB\"><\/i> primary, secondary and degenerative neuromuscular diseases<\/li>\n<li><i class=\"sui sui-circle\" style=\"color:#CEC2AB\"><\/i> syringomyelia with paretic signs<\/li>\n<li><i class=\"sui sui-circle\" style=\"color:#CEC2AB\"><\/i> infantile cerebral palsy with ability of non-assisted walk without pronounced mental signs<\/li>\n<li><i class=\"sui sui-circle\" style=\"color:#CEC2AB\"><\/i> Parkinson&#8217;s disease (except Parkinson syndrome and secondary extrapyramidal syndrome in the treatment of psychopharmatics)<\/li>\n<\/ul>\n<\/div>\n<h5><strong>Gynecological diseases<\/strong><\/h5>\n<div class=\"su-list\" style=\"margin-left:0px\">\n<ul>\n<li><i class=\"sui sui-circle\" style=\"color:#CEC2AB\"><\/i> primary sterility and infertility (3 or more spontaneous miscarriages), secondary infertility of inflammatory and functional nature, recurrent miscarriage<\/li>\n<li><i class=\"sui sui-circle\" style=\"color:#CEC2AB\"><\/i> recurring inflammatory processes of internal genital organs and their complications (chronic adnexitis, chronic colpitis, chronic metritis and others)<\/li>\n<li><i class=\"sui sui-circle\" style=\"color:#CEC2AB\"><\/i> condition after complicated gynecologic surgeries and operations on pelvis<\/li>\n<\/ul>\n<\/div>\n<h5><strong>Diseases connected with metabolic disorders and endocrine glands<\/strong><\/h5>\n<div class=\"su-list\" style=\"margin-left:0px\">\n<ul>\n<li><i class=\"sui sui-circle\" style=\"color:#CEC2AB\"><\/i> diabetes<\/li>\n<\/ul>\n<\/div>[\/vc_column_text][\/vc_column_inner][\/vc_row_inner][vc_empty_space][\/vc_column][\/vc_row][vc_row][vc_column width=&#8221;5\/6&#8243;][vc_column_text]<img decoding=\"async\" class=\"alignnone size-full wp-image-5022\" src=\"https:\/\/ck-astra.cz\/wp-content\/uploads\/2019\/01\/sentence_en.png\" alt=\"\" width=\"536\" height=\"34\" srcset=\"https:\/\/ck-astra.cz\/wp-content\/uploads\/2019\/01\/sentence_en-300x19.png 300w, https:\/\/ck-astra.cz\/wp-content\/uploads\/2019\/01\/sentence_en.png 536w\" sizes=\"(max-width: 536px) 100vw, 536px\" \/>[\/vc_column_text][vc_empty_space height=&#8221;1px&#8221;][vc_column_text]\n<h2>KLIMKOVICE &#8211; CONTRINDICATION<\/h2>\n[\/vc_column_text][vc_separator color=&#8221;mulled_wine&#8221; align=&#8221;align_left&#8221;][\/vc_column][vc_column width=&#8221;1\/6&#8243;][vc_single_image image=&#8221;9663&#8243; img_size=&#8221;full&#8221; alignment=&#8221;right&#8221; css=&#8221;.vc_custom_1562163574164{margin-right: 10px !important;}&#8221;][\/vc_column][\/vc_row][vc_row][vc_column][vc_row_inner][vc_column_inner width=&#8221;1\/2&#8243;][vc_column_text]<div class=\"su-list\" style=\"margin-left:0px\">\n<ul>\n<li><i class=\"sui sui-circle\" style=\"color:#CEC2AB\"><\/i> Infectious diseases and bacilli carrier state<\/li>\n<li><i class=\"sui sui-circle\" style=\"color:#CEC2AB\"><\/i> Clinical signs of cardiovascular insufficiency<\/li>\n<li><i class=\"sui sui-circle\" style=\"color:#CEC2AB\"><\/i> Often recurring profuse bleeding<\/li>\n<li><i class=\"sui sui-circle\" style=\"color:#CEC2AB\"><\/i> Malignant tumors during treatment or with clinical signs of the process after treatment<\/li>\n<li><i class=\"sui sui-circle\" style=\"color:#CEC2AB\"><\/i> Epilepsy, except for cases in which the disease has not manifested itself within 3 years<\/li>\n<li><i class=\"sui sui-circle\" style=\"color:#CEC2AB\"><\/i> Acute psychosis and mental disorders<\/li>\n<li><i class=\"sui sui-circle\" style=\"color:#CEC2AB\"><\/i> Addiction to psychotropic substances<\/li>\n<li><i class=\"sui sui-circle\" style=\"color:#CEC2AB\"><\/i> Pregnancy<\/li>\n<li><i class=\"sui sui-circle\" style=\"color:#CEC2AB\"><\/i> Bed sores<\/li>\n<li><i class=\"sui sui-circle\" style=\"color:#CEC2AB\"><\/i> Non-ability to at least partially independent living<\/li>\n<li><i class=\"sui sui-circle\" style=\"color:#CEC2AB\"><\/i> Tracheostomy, nasogastric or esophagogastric tube<\/li>\n<li><i class=\"sui sui-circle\" style=\"color:#CEC2AB\"><\/i> Severe renal failure<\/li>\n<li><i class=\"sui sui-circle\" style=\"color:#CEC2AB\"><\/i> Hemodialysis<\/li>\n<li><i class=\"sui sui-circle\" style=\"color:#CEC2AB\"><\/i> EF of the left ventricle below 20%<\/li>\n<\/ul>\n<\/div>[\/vc_column_text][\/vc_column_inner][vc_column_inner width=&#8221;1\/2&#8243;][vc_single_image image=&#8221;4511&#8243; img_size=&#8221;300&#215;342&#8243; alignment=&#8221;center&#8221;][\/vc_column_inner][\/vc_row_inner][vc_empty_space][\/vc_column][\/vc_row][vc_row][vc_column][vc_empty_space height=&#8221;22px&#8221;][vc_raw_html]JTVCeHl6LWlocyUyMHNuaXBwZXQlM0QlMjJIQlRhRkJULUVOLTF6MyUyMiU1RA==[\/vc_raw_html][vc_row_inner][vc_column_inner width=&#8221;1\/2&#8243; css=&#8221;.vc_custom_1570559919421{border-top-width: 1px !important;border-right-width: 1px !important;border-bottom-width: 1px !important;border-left-width: 1px !important;padding-left: 10px !important;border-left-color: #b28500 !important;border-left-style: solid !important;border-right-color: #b28500 !important;border-right-style: solid !important;border-top-color: #b28500 !important;border-top-style: solid !important;border-bottom-color: #b28500 !important;border-bottom-style: solid !important;border-radius: 1px !important;}&#8221;][vc_raw_html]JTVCeHl6LWlocyUyMHNuaXBwZXQlM0QlMjJIQlRhRkJULUVOLTJ6MyUyMiU1RA==[\/vc_raw_html][\/vc_column_inner][vc_column_inner width=&#8221;1\/2&#8243; css=&#8221;.vc_custom_1570560034643{border-top-width: 1px !important;border-right-width: 1px !important;border-bottom-width: 1px !important;border-left-width: 1px !important;padding-left: 10px !important;border-left-color: #b28500 !important;border-left-style: solid !important;border-right-color: #b28500 !important;border-right-style: solid !important;border-top-color: #b28500 !important;border-top-style: solid !important;border-bottom-color: #b28500 !important;border-bottom-style: solid !important;border-radius: 1px !important;}&#8221;][vc_raw_html]JTVCeHl6LWlocyUyMHNuaXBwZXQlM0QlMjJIQlRhRkJULUVOLTN6MyUyMiU1RA==[\/vc_raw_html][\/vc_column_inner][\/vc_row_inner][vc_empty_space height=&#8221;82px&#8221;][\/vc_column][\/vc_row][vc_row][vc_column width=&#8221;5\/6&#8243;][vc_column_text]<img decoding=\"async\" class=\"alignnone size-full wp-image-5022\" src=\"https:\/\/ck-astra.cz\/wp-content\/uploads\/2019\/01\/sentence_en.png\" alt=\"\" width=\"536\" height=\"34\" srcset=\"https:\/\/ck-astra.cz\/wp-content\/uploads\/2019\/01\/sentence_en-300x19.png 300w, https:\/\/ck-astra.cz\/wp-content\/uploads\/2019\/01\/sentence_en.png 536w\" sizes=\"(max-width: 536px) 100vw, 536px\" \/>[\/vc_column_text][vc_empty_space height=&#8221;1px&#8221;][vc_column_text]\n<h2>KLIMKOVICE &#8211; ACTIVITIES<\/h2>\n[\/vc_column_text][vc_separator color=&#8221;mulled_wine&#8221; align=&#8221;align_left&#8221;][\/vc_column][vc_column width=&#8221;1\/6&#8243;][vc_single_image image=&#8221;9663&#8243; img_size=&#8221;full&#8221; alignment=&#8221;right&#8221; css=&#8221;.vc_custom_1562163574164{margin-right: 10px !important;}&#8221;][\/vc_column][\/vc_row][vc_row][vc_column][vc_row_inner][vc_column_inner width=&#8221;1\/2&#8243;][vc_column_text]<div class=\"su-list\" style=\"margin-left:0px\">\n<ul>\n<li><i class=\"sui sui-circle\" style=\"color:#CEC2AB\"><\/i> Ostrava town<\/li>\n<li><i class=\"sui sui-circle\" style=\"color:#CEC2AB\"><\/i> National Natural Reservation Polansk\u00e1 (Polaneck\u00e1) Niva<\/li>\n<li><i class=\"sui sui-circle\" style=\"color:#CEC2AB\"><\/i> Studenka<\/li>\n<li><i class=\"sui sui-circle\" style=\"color:#CEC2AB\"><\/i> Fulnek Castle<\/li>\n<li><i class=\"sui sui-circle\" style=\"color:#CEC2AB\"><\/i> Nov\u00fd Ji\u010d\u00edn town<\/li>\n<li><i class=\"sui sui-circle\" style=\"color:#CEC2AB\"><\/i> P\u0159ibor town<\/li>\n<li><i class=\"sui sui-circle\" style=\"color:#CEC2AB\"><\/i> Kunin Castle<\/li>\n<li><i class=\"sui sui-circle\" style=\"color:#CEC2AB\"><\/i> Fortress Hukvaldy<\/li>\n<li><i class=\"sui sui-circle\" style=\"color:#CEC2AB\"><\/i> Ruins of Star\u00fd Ji\u010d\u00edn fortress<\/li>\n<li><i class=\"sui sui-circle\" style=\"color:#CEC2AB\"><\/i> Kop\u0159ivnice<\/li>\n<li><i class=\"sui sui-circle\" style=\"color:#CEC2AB\"><\/i> \u0160tramberk<\/li>\n<li><i class=\"sui sui-circle\" style=\"color:#CEC2AB\"><\/i> Wallachian Open Air Museum<\/li>\n<li><i class=\"sui sui-circle\" style=\"color:#CEC2AB\"><\/i> Lys\u00e1 Hora<\/li>\n<li><i class=\"sui sui-circle\" style=\"color:#CEC2AB\"><\/i> Opava<\/li>\n<li><i class=\"sui sui-circle\" style=\"color:#CEC2AB\"><\/i> Hradec nad Moravic\u00ed Castle<\/li>\n<li><i class=\"sui sui-circle\" style=\"color:#CEC2AB\"><\/i> Radun Castle<\/li>\n<li><i class=\"sui sui-circle\" style=\"color:#CEC2AB\"><\/i> Helf\u0161t\u00fdn Fortress<\/li>\n<\/ul>\n<\/div>[\/vc_column_text][\/vc_column_inner][vc_column_inner width=&#8221;1\/2&#8243;][vc_single_image image=&#8221;4854&#8243; img_size=&#8221;full&#8221; alignment=&#8221;center&#8221;][\/vc_column_inner][\/vc_row_inner][\/vc_column][\/vc_row][vc_row][vc_column][vc_empty_space][\/vc_column][\/vc_row][vc_row][vc_column width=&#8221;1\/3&#8243;][vc_column_text]<a href=\"https:\/\/ck-astra.cz\/en\/exkurze-en\/\"><em><strong>Come with us to:<\/strong><\/em><\/a>[\/vc_column_text][vc_btn title=&#8221;E X C U R S I O N&#8221; style=&#8221;classic&#8221; color=&#8221;chino&#8221; size=&#8221;lg&#8221; align=&#8221;center&#8221; button_block=&#8221;true&#8221; link=&#8221;url:https%3A%2F%2Fck-astra.cz%2Fen%2Fexkurze-en%2F|||&#8221;][\/vc_column][vc_column width=&#8221;1\/3&#8243;][vc_column_text]<a href=\"https:\/\/ck-astra.cz\/en\/?post_type=post&amp;post_type=accommodation&amp;s=Klimkovice\"><em><strong>Find the best accommodation:<\/strong><\/em><\/a>[\/vc_column_text][vc_btn title=&#8221;H O T E L S&#8221; style=&#8221;classic&#8221; color=&#8221;chino&#8221; size=&#8221;lg&#8221; align=&#8221;center&#8221; button_block=&#8221;true&#8221; link=&#8221;url:https%3A%2F%2Fck-astra.cz%2Fen%2F%3Fpost_type%3Dpost%26post_type%3Daccommodation%26s%3DKlimkovice|||&#8221;][\/vc_column][vc_column width=&#8221;1\/3&#8243;][vc_column_text]<a href=\"https:\/\/ck-astra.cz\/en\/transfery-en\/\"><em><strong>Take advantage of the best shipping rates:<\/strong><\/em><\/a>[\/vc_column_text][vc_btn title=&#8221;T R A N S F E R S&#8221; style=&#8221;classic&#8221; color=&#8221;chino&#8221; size=&#8221;lg&#8221; align=&#8221;center&#8221; button_block=&#8221;true&#8221; link=&#8221;url:https%3A%2F%2Fck-astra.cz%2Fen%2Ftransfery-en%2F|||&#8221;][\/vc_column][\/vc_row]\n<\/div>","protected":false},"excerpt":{"rendered":"<p>[vc_row][vc_column][vc_raw_html]JTVCeHl6LWlocyUyMHNuaXBwZXQlM0QlMjJPcGVyYXRvcmt5JTIyJTVE[\/vc_raw_html][\/vc_column][\/vc_row][vc_row][vc_column][vc_empty_space height=&#8221;40px&#8221;][\/vc_column][\/vc_row][vc_row][vc_column][vc_single_image image=&#8221;13959&#8243; img_size=&#8221;full&#8221;][\/vc_column][\/vc_row][vc_row][vc_column width=&#8221;5\/6&#8243;][vc_column_text][\/vc_column_text][vc_empty_space height=&#8221;1px&#8221;][vc_column_text] KLIMKOVICE &#8211; ABOUT THE  [&#8230;]<\/p>\n","protected":false},"author":1,"featured_media":0,"parent":4956,"menu_order":0,"comment_status":"closed","ping_status":"closed","template":"","meta":{"footnotes":""},"class_list":["post-4948","page","type-page","status-publish","hentry"],"_links":{"self":[{"href":"https:\/\/ck-astra.cz\/en\/wp-json\/wp\/v2\/pages\/4948","targetHints":{"allow":["GET"]}}],"collection":[{"href":"https:\/\/ck-astra.cz\/en\/wp-json\/wp\/v2\/pages"}],"about":[{"href":"https:\/\/ck-astra.cz\/en\/wp-json\/wp\/v2\/types\/page"}],"author":[{"embeddable":true,"href":"https:\/\/ck-astra.cz\/en\/wp-json\/wp\/v2\/users\/1"}],"replies":[{"embeddable":true,"href":"https:\/\/ck-astra.cz\/en\/wp-json\/wp\/v2\/comments?post=4948"}],"version-history":[{"count":1,"href":"https:\/\/ck-astra.cz\/en\/wp-json\/wp\/v2\/pages\/4948\/revisions"}],"predecessor-version":[{"id":14039,"href":"https:\/\/ck-astra.cz\/en\/wp-json\/wp\/v2\/pages\/4948\/revisions\/14039"}],"up":[{"embeddable":true,"href":"https:\/\/ck-astra.cz\/en\/wp-json\/wp\/v2\/pages\/4956"}],"wp:attachment":[{"href":"https:\/\/ck-astra.cz\/en\/wp-json\/wp\/v2\/media?parent=4948"}],"curies":[{"name":"wp","href":"https:\/\/api.w.org\/{rel}","templated":true}]}}