{"id":20,"date":"2018-09-05T20:14:54","date_gmt":"2018-09-05T20:14:54","guid":{"rendered":"https:\/\/ck-astra.cz\/?page_id=20"},"modified":"2026-03-22T16:41:20","modified_gmt":"2026-03-22T15:41:20","slug":"homepage-en","status":"publish","type":"page","link":"https:\/\/ck-astra.cz\/en\/","title":{"rendered":"Travel Agency ASTRA"},"content":{"rendered":"<div class=\"wpb-content-wrapper\">[vc_row full_width=&#8221;stretch_row&#8221; css=&#8221;.vc_custom_1774191847059{margin-top: -60px !important;margin-right: -40px !important;margin-left: -40px !important;background-image: url(https:\/\/ck-astra.cz\/wp-content\/uploads\/2019\/08\/pozadi_kolonada_bila.jpg?id=11279) !important;background-position: center !important;background-repeat: no-repeat !important;background-size: cover !important;}&#8221;][vc_column][vc_empty_space height=&#8221;52px&#8221;][vc_btn title=&#8221;PARTNER LOGIN&#8221; color=&#8221;orange&#8221; size=&#8221;lg&#8221; align=&#8221;center&#8221; css=&#8221;&#8221; link=&#8221;url:https%3A%2F%2Fonline.ck-astra.cz&#8221;][vc_empty_space height=&#8221;52px&#8221;][\/vc_column][\/vc_row][vc_row full_width=&#8221;stretch_row_content&#8221;][vc_column][vc_column_text]\n<h2 style=\"text-align: center;\"><span style=\"font-size: 14pt; color: #808080;\"><strong>Tell us where would you like to go.<\/strong><\/span><\/h2>\n[\/vc_column_text][vc_column_text css=&#8221;.vc_custom_1567597048707{margin-top: -20px !important;}&#8221;]\n<h2 style=\"text-align: center;\"><span style=\"font-size: 14pt; color: #808080;\"><strong><span style=\"font-size: 18pt;\">665+ Hotels and Resorts available!<\/span><\/strong><\/span><\/h2>\n[\/vc_column_text][\/vc_column][\/vc_row][vc_row full_width=&#8221;stretch_row_content&#8221;][vc_column][vc_raw_html]JTVCcmV2X3NsaWRlciUyMGFsaWFzJTNEJTIydXZvZC1lbiUyMiU1RA==[\/vc_raw_html][vc_empty_space][\/vc_column][\/vc_row][vc_row full_width=&#8221;stretch_row&#8221; disable_element=&#8221;yes&#8221; css=&#8221;.vc_custom_1774104106760{margin-top: -40px !important;margin-right: -40px !important;margin-left: -40px !important;background-image: url(https:\/\/ck-astra.cz\/wp-content\/uploads\/2019\/08\/pozadi_kolonada_bila.jpg?id=11279) !important;background-position: center !important;background-repeat: no-repeat !important;background-size: cover !important;}&#8221;][vc_column width=&#8221;1\/4&#8243;][vc_row_inner][vc_column_inner width=&#8221;1\/2&#8243;][\/vc_column_inner][vc_column_inner width=&#8221;1\/2&#8243; css=&#8221;.vc_custom_1567502727367{margin-right: -20px !important;}&#8221;][vc_empty_space height=&#8221;80px&#8221;][vc_single_image image=&#8221;11443&#8243; img_size=&#8221;80&#215;80&#8243; alignment=&#8221;right&#8221; css=&#8221;.vc_custom_1567502669598{margin-right: -20px !important;}&#8221;][\/vc_column_inner][\/vc_row_inner][vc_empty_space height=&#8221;10px&#8221;][\/vc_column][vc_column width=&#8221;1\/2&#8243; css=&#8221;.vc_custom_1567501718282{margin-left: 20px !important;}&#8221;][vc_empty_space height=&#8221;75px&#8221;][vc_row_inner css=&#8221;.vc_custom_1567501534782{padding-right: -50px !important;}&#8221;][vc_column_inner offset=&#8221;vc_col-md-12 vc_col-xs-6&#8243;][vc_column_text][search_form_textfield \/][\/vc_column_text][\/vc_column_inner][vc_column_inner offset=&#8221;vc_col-md-12 vc_col-xs-6&#8243;][button tag=&#8221;button&#8221; type=&#8221;large&#8221; color=&#8221;&#8221; target=&#8221;_self&#8221; class=&#8221;full-width&#8221;]<span style=\"font-size: 16pt;\">SEARCH<br \/>\n<\/span>[\/button][\/vc_column_inner][\/vc_row_inner][vc_empty_space height=&#8221;10px&#8221;][vc_empty_space height=&#8221;72px&#8221;][\/vc_column][vc_column width=&#8221;1\/4&#8243;][\/vc_column][\/vc_row][vc_row full_width=&#8221;stretch_row_content&#8221; disable_element=&#8221;yes&#8221;][vc_column][vc_single_image image=&#8221;15071&#8243; img_size=&#8221;full&#8221; alignment=&#8221;center&#8221; onclick=&#8221;custom_link&#8221; link=&#8221;https:\/\/ck-astra.cz\/en\/lazne-indikace-en\/&#8221;][vc_empty_space][\/vc_column][\/vc_row][vc_row][vc_column width=&#8221;5\/6&#8243;][vc_row_inner][vc_column_inner width=&#8221;1\/4&#8243;][vc_empty_space height=&#8221;30px&#8221;][vc_single_image image=&#8221;7555&#8243; img_size=&#8221;120&#215;77&#8243; alignment=&#8221;center&#8221;][\/vc_column_inner][vc_column_inner width=&#8221;3\/4&#8243;][vc_column_text]\n<h2 style=\"text-align: center;\"><span style=\"color: #800000; font-size: 24pt;\"><strong>ASTRA SPA s.r.o.<br \/>\n<\/strong><\/span><\/h2>\n[\/vc_column_text][vc_column_text]\n<h2 style=\"text-align: center;\"><span style=\"color: #800000; font-size: 21pt;\"><strong>INCOMING CZECH-SPA TOUROPERATOR<\/strong><\/span><\/h2>\n[\/vc_column_text][vc_single_image source=&#8221;external_link&#8221; alignment=&#8221;center&#8221; custom_src=&#8221;https:\/\/ck-astra.cz\/wp-content\/themes\/Travelo-child\/images\/sentence_en.png&#8221;][\/vc_column_inner][\/vc_row_inner][\/vc_column][vc_column width=&#8221;1\/6&#8243;][vc_single_image image=&#8221;9664&#8243; img_size=&#8221;full&#8221; alignment=&#8221;center&#8221;][\/vc_column][\/vc_row][vc_row][vc_column][vc_row_inner][vc_column_inner width=&#8221;1\/4&#8243;][\/vc_column_inner][vc_column_inner width=&#8221;1\/2&#8243;][vc_separator color=&#8221;mulled_wine&#8221;][\/vc_column_inner][vc_column_inner width=&#8221;1\/4&#8243;][\/vc_column_inner][\/vc_row_inner][vc_empty_space][\/vc_column][\/vc_row][vc_row][vc_column width=&#8221;1\/3&#8243;][vc_single_image image=&#8221;4512&#8243; img_size=&#8221;full&#8221; alignment=&#8221;center&#8221;][\/vc_column][vc_column width=&#8221;2\/3&#8243;][vc_empty_space][vc_column_text]<span style=\"font-size: 18pt; color: #fa0203;\"><b><span lang=\"RU\"><span class=\"tlid-translation translation\" lang=\"en\"><span class=\"\" title=\"\">The company &#8220;ASTRA&#8221; provides comprehensive tourist services in the field of tourism in the Czech Republic<\/span><\/span><\/span><\/b><\/span><\/p>\n<div class=\"su-list\" style=\"margin-left:0px\">\n<ul>\n<li><i class=\"sui sui-circle\" style=\"color:#CEC2AB\"><\/i> <span style=\"font-size: 14pt;\"><span lang=\"RU\"><span class=\"tlid-translation translation\" lang=\"en\"><span class=\"\" title=\"\">Spa stays around the whole Czech Republic<\/span><\/span><\/span><\/span><\/li>\n<li><i class=\"sui sui-circle\" style=\"color:#CEC2AB\"><\/i> <span style=\"font-size: 14pt;\"><span lang=\"RU\"><span class=\"tlid-translation translation\" lang=\"en\"><span class=\"\" title=\"\">Accommodation in spa houses, hotels and apartments<\/span><\/span><\/span><\/span><\/li>\n<li><i class=\"sui sui-circle\" style=\"color:#CEC2AB\"><\/i> <span style=\"font-size: 14pt;\"><span lang=\"RU\"><span class=\"tlid-translation translation\" lang=\"en\"><span class=\"\" title=\"\">Sales department of KARLSBAD GRANDE MADONNA 4 and FESTIVAL 4 in Karlovy Vary<\/span><\/span><\/span><\/span><\/li>\n<li><i class=\"sui sui-circle\" style=\"color:#CEC2AB\"><\/i> <span style=\"font-size: 14pt;\"><span lang=\"RU\"><span class=\"tlid-translation translation\" lang=\"en\"><span class=\"\" title=\"\">Handling visas, health insurance, transport tickets and fly tickets<\/span><\/span><\/span><\/span><\/li>\n<li><i class=\"sui sui-circle\" style=\"color:#CEC2AB\"><\/i> <span style=\"font-size: 14pt;\"><span lang=\"RU\"><span class=\"tlid-translation translation\" lang=\"en\"><span class=\"\" title=\"\">Transfer organization, own car fleet and qualified guides<\/span><\/span><\/span><\/span><\/li>\n<li><i class=\"sui sui-circle\" style=\"color:#CEC2AB\"><\/i> <span style=\"font-size: 14pt;\"><span lang=\"RU\"><span class=\"tlid-translation translation\" lang=\"en\"><span class=\"\" title=\"\">The widest selection of excursions<\/span><\/span><\/span><\/span><\/li>\n<li><i class=\"sui sui-circle\" style=\"color:#CEC2AB\"><\/i> <span style=\"font-size: 14pt;\"><span lang=\"RU\"><span class=\"tlid-translation translation\" lang=\"en\"><span class=\"\" title=\"\">Individual approach &#8211; VIP service<\/span><\/span><\/span><\/span><\/li>\n<li><i class=\"sui sui-circle\" style=\"color:#CEC2AB\"><\/i> <span style=\"font-size: 14pt;\"><span lang=\"RU\"><span class=\"tlid-translation translation\" lang=\"en\"><span class=\"\" title=\"\">Flexible prices, discounts and special programs<\/span><\/span><\/span><\/span><\/li>\n<li><i class=\"sui sui-circle\" style=\"color:#CEC2AB\"><\/i> <span style=\"font-size: 14pt;\"><span lang=\"RU\"><span class=\"tlid-translation translation\" lang=\"en\"><span class=\"\" title=\"\">The best foreign exchange rate in Karlovy Vary<\/span><\/span><\/span><\/span><\/li>\n<\/ul>\n<\/div>[\/vc_column_text][\/vc_column][\/vc_row][vc_row][vc_column][vc_empty_space][vc_column_text]\n<h2 style=\"text-align: center;\">Operational office &#8211; L\u00e1ze\u0148sk\u00e1 480\/5<\/h2>\n[\/vc_column_text][vc_row_inner][vc_column_inner width=&#8221;2\/3&#8243;][vc_single_image image=&#8221;10359&#8243; img_size=&#8221;full&#8221; alignment=&#8221;center&#8221;][\/vc_column_inner][vc_column_inner width=&#8221;1\/3&#8243;][vc_gmaps link=&#8221;#E-8_JTNDaWZyYW1lJTIwc3JjJTNEJTIyaHR0cHMlM0ElMkYlMkZ3d3cuZ29vZ2xlLmNvbSUyRm1hcHMlMkZlbWJlZCUzRnBiJTNEJTIxMW0xOCUyMTFtMTIlMjExbTMlMjExZDEyNzYuMzA4MjU3NTExNzExJTIxMmQxMi44ODIyNDg3MzE1ODQzNzYlMjEzZDUwLjIyNDM4NjI2Mjc0Mjg0JTIxMm0zJTIxMWYwJTIxMmYwJTIxM2YwJTIxM20yJTIxMWkxMDI0JTIxMmk3NjglMjE0ZjEzLjElMjEzbTMlMjExbTIlMjExczB4MCUyNTNBMHgyNjQ2NGZjMjRlNTc4NTglMjEyc0hFTEVOQSUyNTIwSlVOR01BTk9WJTI1QzMlMjU4MSUyNTIwLSUyNTIwVFJBVkVMJTI1MjBBR0VOQ1klMjUyMEFTVFJBJTI1MjBzLnIuby4lMjUyMCUyOGNlc3Rvdm4lMjVDMyUyNUFEJTI1MjBrYW5jZWwlMjVDMyUyNUExJTI1QzUlMjU5OSUyOSUyMTVlMCUyMTNtMiUyMTFzY3MlMjEyc2N6JTIxNHYxNTY3MzM2NjYyNDMzJTIxNW0yJTIxMXNjcyUyMTJzY3olMjIlMjB3aWR0aCUzRCUyMmF1dG8lMjIlMjBoZWlnaHQlM0QlMjIzODMlMjIlMjBmcmFtZWJvcmRlciUzRCUyMjAlMjIlMjBzdHlsZSUzRCUyMmJvcmRlciUzQTAlM0IlMjIlMjBhbGxvd2Z1bGxzY3JlZW4lM0QlMjIlMjIlM0UlM0MlMkZpZnJhbWUlM0U=&#8221; css=&#8221;.vc_custom_1567336681574{margin-top: -5px !important;}&#8221;][\/vc_column_inner][\/vc_row_inner][vc_column_text]\n<h2 style=\"text-align: center;\">OPENING HOURS<\/h2>\n<p style=\"text-align: center;\"><span style=\"font-size: medium;\"><strong><span style=\"font-size: 14pt;\">Mo &#8211; Fa: 8:30 &#8211; 17:00<\/span><br \/>\n<span style=\"font-size: 14pt;\">Saturdays, Sundays and holidays: FREE<\/span><br \/>\n<span style=\"font-size: 14pt;\">(we will handle all your requests and orders from weekends and holidays on the first working days)<\/span><br \/>\n<\/strong><\/span><\/p>\n[\/vc_column_text][vc_empty_space height=&#8221;42px&#8221;][vc_raw_html]JTNDYSUyMGlkJTNEJTIyb3BlcmF0b3IlMjIlM0U=[\/vc_raw_html][\/vc_column][\/vc_row][vc_row][vc_column][vc_column_text]\n<div class=\"vc_row wpb_row row vc_custom_1558603944206 vc_row-has-fill\">\n<div class=\"col-sm-12 \">\n<div class=\" vc_custom_1558604016555\">\n<h2 style=\"text-align: center;\"><span style=\"font-size: 18pt; color: #800000;\"><strong><em>CZECH SPA ALL YEAR<br \/>\nFOR YOUR HEALTH, YOUTH AND BEAUTY\u2026 with ASTRA\u2026<\/em><\/strong><\/span><\/h2>\n<\/div>\n<\/div>\n<\/div>\n[\/vc_column_text][vc_empty_space][\/vc_column][\/vc_row][vc_row][vc_column width=&#8221;1\/4&#8243;][vc_column_text]<a href=\"https:\/\/ck-astra.cz\/wp-content\/uploads\/2019\/11\/certifikat_verneho_darce.jpg\" target=\"_blank\" rel=\"noopener noreferrer\"><img decoding=\"async\" class=\"alignright wp-image-13260\" src=\"https:\/\/ck-astra.cz\/wp-content\/uploads\/2019\/11\/certifikat_verneho_darce-300x141.jpg\" alt=\"\" width=\"272\" height=\"128\" srcset=\"https:\/\/ck-astra.cz\/wp-content\/uploads\/2019\/11\/certifikat_verneho_darce-300x141.jpg 300w, https:\/\/ck-astra.cz\/wp-content\/uploads\/2019\/11\/certifikat_verneho_darce-768x362.jpg 768w, https:\/\/ck-astra.cz\/wp-content\/uploads\/2019\/11\/certifikat_verneho_darce.jpg 800w\" sizes=\"(max-width: 272px) 100vw, 272px\" \/><\/a>[\/vc_column_text][\/vc_column][vc_column width=&#8221;1\/4&#8243;][vc_column_text]<a href=\"https:\/\/www.ackcr.cz\/\" target=\"_blank\" rel=\"noopener noreferrer\"><img decoding=\"async\" class=\"wp-image-10039 size-full aligncenter\" src=\"https:\/\/ck-astra.cz\/wp-content\/uploads\/2019\/07\/logo_ack3.jpg\" alt=\"\" width=\"166\" height=\"128\" \/><\/a>[\/vc_column_text][\/vc_column][vc_column width=&#8221;1\/4&#8243;][vc_column_text]<a href=\"https:\/\/ck-astra.cz\/wp-content\/uploads\/2019\/08\/ochrana-spotrebitele-aj.pdf\" target=\"_blank\" rel=\"noopener noreferrer\"><img decoding=\"async\" class=\"aligncenter wp-image-9905\" src=\"https:\/\/ck-astra.cz\/wp-content\/uploads\/2019\/07\/ochrana_spotrebitele_en.png\" alt=\"\" width=\"120\" height=\"153\" \/><\/a>[\/vc_column_text][\/vc_column][vc_column width=&#8221;1\/4&#8243;][vc_column_text]<img decoding=\"async\" class=\"size-full wp-image-10042 alignleft\" src=\"https:\/\/ck-astra.cz\/wp-content\/uploads\/2019\/07\/logo_czechtursim3.jpg\" alt=\"\" width=\"300\" height=\"128\" \/>[\/vc_column_text][\/vc_column][\/vc_row]\n<\/div>","protected":false},"excerpt":{"rendered":"<p>[vc_row full_width=&#8221;stretch_row&#8221; css=&#8221;.vc_custom_1774191847059{margin-top: -60px !important;margin-right: -40px !important;margin-left: -40px !important;background-image: url(https:\/\/ck-astra.cz\/wp-content\/uploads\/2019\/08\/pozadi_kolonada_bila.jpg?id=11279)  [&#8230;]<\/p>\n","protected":false},"author":1,"featured_media":15057,"parent":0,"menu_order":0,"comment_status":"closed","ping_status":"closed","template":"","meta":{"footnotes":""},"class_list":["post-20","page","type-page","status-publish","has-post-thumbnail","hentry"],"_links":{"self":[{"href":"https:\/\/ck-astra.cz\/en\/wp-json\/wp\/v2\/pages\/20","targetHints":{"allow":["GET"]}}],"collection":[{"href":"https:\/\/ck-astra.cz\/en\/wp-json\/wp\/v2\/pages"}],"about":[{"href":"https:\/\/ck-astra.cz\/en\/wp-json\/wp\/v2\/types\/page"}],"author":[{"embeddable":true,"href":"https:\/\/ck-astra.cz\/en\/wp-json\/wp\/v2\/users\/1"}],"replies":[{"embeddable":true,"href":"https:\/\/ck-astra.cz\/en\/wp-json\/wp\/v2\/comments?post=20"}],"version-history":[{"count":13,"href":"https:\/\/ck-astra.cz\/en\/wp-json\/wp\/v2\/pages\/20\/revisions"}],"predecessor-version":[{"id":15920,"href":"https:\/\/ck-astra.cz\/en\/wp-json\/wp\/v2\/pages\/20\/revisions\/15920"}],"wp:featuredmedia":[{"embeddable":true,"href":"https:\/\/ck-astra.cz\/en\/wp-json\/wp\/v2\/media\/15057"}],"wp:attachment":[{"href":"https:\/\/ck-astra.cz\/en\/wp-json\/wp\/v2\/media?parent=20"}],"curies":[{"name":"wp","href":"https:\/\/api.w.org\/{rel}","templated":true}]}}